{"id":578,"date":"2019-02-18T16:29:17","date_gmt":"2019-02-18T15:29:17","guid":{"rendered":"http:\/\/adirjan.com\/?page_id=578"},"modified":"2019-05-29T21:36:04","modified_gmt":"2019-05-29T19:36:04","slug":"mac","status":"publish","type":"page","link":"https:\/\/adirjan.com\/?page_id=578","title":{"rendered":"MA\u00c7"},"content":{"rendered":"<div id=\"pl-578\"  class=\"panel-layout\" ><div id=\"pg-578-0\"  class=\"panel-grid panel-no-style\" ><div id=\"pgc-578-0-0\"  class=\"panel-grid-cell\" ><div id=\"panel-578-0-0-0\" class=\"so-panel widget widget_sow-tabs panel-first-child panel-last-child\" data-index=\"0\" ><div\n\t\t\t\n\t\t\tclass=\"so-widget-sow-tabs so-widget-sow-tabs-default-ccac65592fd6-578\"\n\t\t\t\n\t\t><div class=\"sow-tabs\">\n\t<div class=\"sow-tabs-tab-container\" role=\"tablist\">\n\t\t\t<div\n\t\t\tclass=\"sow-tabs-tab\n\t\t\t sow-tabs-tab-selected\t\t\t\"\n\t\t\trole=\"tab\"\n\t\t\tdata-anchor-id=\"mac\"\n\t\t\taria-selected=\"true\"\n\t\t\ttabindex=\"0\"\n\t\t>\n\t\t\t<div class=\"sow-tabs-title sow-tabs-title-icon-left\">\n\t\t\t\t\t\t\t\tMA\u00c7\t\t\t\t\t\t\t<\/div>\n\t\t<\/div>\n\t\t\t<div\n\t\t\tclass=\"sow-tabs-tab\n\t\t\t\t\t\t\"\n\t\t\trole=\"tab\"\n\t\t\tdata-anchor-id=\"the-kiss\"\n\t\t\taria-selected=\"false\"\n\t\t\ttabindex=\"0\"\n\t\t>\n\t\t\t<div class=\"sow-tabs-title sow-tabs-title-icon-left\">\n\t\t\t\t\t\t\t\tTHE KISS\t\t\t\t\t\t\t<\/div>\n\t\t<\/div>\n\t\t\t<div\n\t\t\tclass=\"sow-tabs-tab\n\t\t\t\t\t\t\"\n\t\t\trole=\"tab\"\n\t\t\tdata-anchor-id=\"der-kuss\"\n\t\t\taria-selected=\"false\"\n\t\t\ttabindex=\"0\"\n\t\t>\n\t\t\t<div class=\"sow-tabs-title sow-tabs-title-icon-left\">\n\t\t\t\t\t\t\t\tDER KUSS\t\t\t\t\t\t\t<\/div>\n\t\t<\/div>\n\t\t\t<div\n\t\t\tclass=\"sow-tabs-tab\n\t\t\t\t\t\t\"\n\t\t\trole=\"tab\"\n\t\t\tdata-anchor-id=\"oepues\"\n\t\t\taria-selected=\"false\"\n\t\t\ttabindex=\"0\"\n\t\t>\n\t\t\t<div class=\"sow-tabs-title sow-tabs-title-icon-left\">\n\t\t\t\t\t\t\t\t\u00d6P\u00dc\u015e\t\t\t\t\t\t\t<\/div>\n\t\t<\/div>\n\t\t<\/div>\n\n\t<div class=\"sow-tabs-panel-container\">\n\t\t\t<div class=\"sow-tabs-panel\">\n\t\t\t<div\n\t\t\t\tclass=\"sow-tabs-panel-content\"\n\t\t\t\trole=\"tabpanel\"\n\t\t\t\taria-hidden=\"false\"\n\t\t\t>\n\t\t\t\t<p>Min te d\u00eeb\u00fb li bex\u00e7\u00ea kulan<br \/>\nTen\u00ea b\u00fby\u00ee nav hem\u00ee gulan<br \/>\nDeng\u00ea te y\u00ea xwe\u015ftir ji bilbilan<br \/>\nDist\u00eer\u00ee ji k\u00fbrahiya dilan<\/p>\n<p>Eman dilo, eman dilo<br \/>\nDe lez biy\u00ea mi ma\u00e7 bikiro<br \/>\nDe lez biy\u00ea mi ma\u00e7 bikiro<br \/>\nZerre mi z\u00ee rehet beno<\/p>\n<p>\u00c7im s\u00ea guaz, gijik valyer \u00ee<br \/>\nZ\u00fbn \u015fekir, ez gaz bikir\u00ee<br \/>\nSem\u00ead \u015far\u00ee xwi tadun\u00ee<br \/>\nLing\u00ee tu s\u00ea balcun \u00ee<\/p>\n<p>Ma ti cin \u00ee, \u00e7i \u015feytun \u00ee<br \/>\nWullay tu ez kerd p\u00ear\u015fun\u00ee<br \/>\nM\u00ee\u2019r niv\u00fbn\u00ee, k\u00fbm ra v\u00fbn\u00ee<br \/>\nTi xwi hama tu xwi niz\u00fbn\u00ee<\/p>\n<p>...<\/p>\n<p>Eman dilo, zere c\u00eeg\u00ear mi<br \/>\nTu\u2019r v\u00ea\u015feno<br \/>\nHewar dilo, ti q\u00ea \u00e7ir\u00ea m\u00ee\u2019r yo<br \/>\nE-mail\u00ea ninusen\u00ee<br \/>\nWullay d\u00eard tu ra ez mirenu<\/p>\n<p><em>Lyrics &amp; Music: Adir Jan<\/em><br \/>\n<em>Arrangement:\u00a0Conny Kreuter, Dave Sills,<\/em><br \/>\n<em>Hogir G\u00f6regen, Adir Jan<\/em><br \/>\n<em>Original Language: Kurmanc\u00ee-Kurdish &amp; Zaza<\/em><br \/>\n<em>Translation: Jill Denton<\/em><\/p>\n<h4>To take pleasure in good fortune at every moment withers insatiability in the wink of an eye. The cup is full.<\/h4>\n\t\t\t<\/div>\n\t\t<\/div>\n\t\t\t<div class=\"sow-tabs-panel\">\n\t\t\t<div\n\t\t\t\tclass=\"sow-tabs-panel-content\"\n\t\t\t\trole=\"tabpanel\"\n\t\t\t\taria-hidden=\"true\"\n\t\t\t>\n\t\t\t\t<p>I saw you in the garden of anxieties<br \/>\nYou were alone amid the roses<br \/>\nYour voice more lovely than the nightingale<br \/>\nYou sang from the depths of your heart<\/p>\n<p>O come, dear heart, come quickly<br \/>\nCome and give me a kiss<br \/>\nCome quickly and give me a kiss<br \/>\nSo as to satisfy my heart<\/p>\n<p>Chestnut eyes, weeping-willow hair<br \/>\nAnd a tongue of sugar<br \/>\nHow I\u2019d love to take a bite!<br \/>\nFor others, you wrap yourself in knots<br \/>\nWith your aubergine-like legs!<\/p>\n<p>What wicked spirit are you, what devil?<br \/>\nMy God, you have destroyed me.<br \/>\nYou do not sing for me.<br \/>\nFor whom are you singing?<br \/>\nYou don\u2019t even know yourself<\/p>\n<p>\u2026<\/p>\n<p>O come, dear heart,<br \/>\nThe cockles of my heart<br \/>\nAre on fire for you.<br \/>\nI weep for help<br \/>\nYou don\u2019t even write an email<br \/>\nIt kills me \u2014 your suffering<\/p>\n<p><em>Lyrics &amp; Music: Adir Jan<\/em><br \/>\n<em>Inspired by: Catullus, Carmen 48<\/em><br \/>\n<em>Arrangement: Conny Kreuter, Dave Sills,<\/em><br \/>\n<em>Hogir G\u00f6regen, Adir Jan<\/em><br \/>\n<em>Original Language: Kurmanc\u00ee-Kurdish &amp; Zaza<\/em><br \/>\n<em>Translation: Jill Denton<\/em><\/p>\n<h4>To take pleasure in good fortune at every moment withers insatiability in the wink of an eye. The cup is full.<\/h4>\n\t\t\t<\/div>\n\t\t<\/div>\n\t\t\t<div class=\"sow-tabs-panel\">\n\t\t\t<div\n\t\t\t\tclass=\"sow-tabs-panel-content\"\n\t\t\t\trole=\"tabpanel\"\n\t\t\t\taria-hidden=\"true\"\n\t\t\t>\n\t\t\t\t<p>Ich sah dich im Garten der Sorgen<br \/>\nAllein warst du unter Rosen<br \/>\nMit sch\u00f6nerer Stimme als die der Nachtigall<br \/>\nSingst du aus der Tiefe deines Herzens<\/p>\n<p>O du, mein Herz, komm schnell<br \/>\nGib mir einen Kuss<br \/>\nKomm, schnell, k\u00fcss mich<br \/>\nUnd befriedige mein Herz<\/p>\n<p>Walnussaugen, das Haar trauerweiden<br \/>\nDie Zunge aus Zucker, wie gern w\u00fcrd ich in sie bei\u00dfen<br \/>\nDu aber drehst dich f\u00fcr andre im Kreise<br \/>\nMit deinen auberginigen Haxen<\/p>\n<p>Welch b\u00f6ser Geist bist du, was f\u00fcr ein Teufel<br \/>\nBei Gott, du hast mich zerst\u00f6rt<br \/>\nF\u00fcr mich singst du nicht, f\u00fcr wen nur singst du<br \/>\nWo du dich nicht einmal selbst [er]kennst<\/p>\n<p><em><br \/>\nFreier Teil:<\/em><\/p>\n<p>O du, mein Herz<br \/>\nMein Inneres steht in Flammen f\u00fcr dich<br \/>\nIch flehe um Hilfe<br \/>\nWarum schreibst du mir nicht einmal eine Mail<br \/>\nEs t\u00f6tet mich, dein Leid<\/p>\n<p><em><br \/>\nText &amp; Musik: Adir Jan<\/em><br \/>\n<em>Inspiriert von: Catull, Carmen 48<\/em><br \/>\n<em>Arrangement: Conny Kreuter, Dave Sills,<\/em><br \/>\n<em>Hogir G\u00f6regen, Adir Jan<\/em><br \/>\n<em>Original: Kurmanc\u00ee-Kurdisch &amp; Zazaisch<br \/>\n\u00dcbersetzung: Adir Jan mit Koray Y\u0131lmaz-G\u00fcnay<br \/>\n<\/em><\/p>\n<h4>Indem du jeden Augenblick genie\u00dft,<br \/>\nl\u00e4sst du erst keine Uners\u00e4ttlichkeit entstehen.<br \/>\nDas Glas ist voll.<\/h4>\n\t\t\t<\/div>\n\t\t<\/div>\n\t\t\t<div class=\"sow-tabs-panel\">\n\t\t\t<div\n\t\t\t\tclass=\"sow-tabs-panel-content\"\n\t\t\t\trole=\"tabpanel\"\n\t\t\t\taria-hidden=\"true\"\n\t\t\t>\n\t\t\t\t<p style=\"font-weight: 400\">H\u00fcz\u00fcn bah\u00e7esinde g\u00f6rm\u00fc\u015ft\u00fcm seni<br \/>\nYaln\u0131zd\u0131n, g\u00fcller i\u00e7inde<br \/>\nB\u00fclb\u00fclden g\u00fczel o sesinle<br \/>\nG\u00f6nl\u00fcn derinli\u011finden s\u00f6yl\u00fcyordun \u015fark\u0131n\u0131<\/p>\n<p style=\"font-weight: 400\">Ey a\u015fk\u0131m, aman a\u015fk\u0131m<strong><br \/>\n<\/strong>Hemen gel de \u00f6p beni<br \/>\nHadi hemen \u00f6p beni<br \/>\nTatmin olsun bu a\u015f\u0131k<\/p>\n<p style=\"font-weight: 400\">G\u00f6zler ceviz, sa\u00e7 salk\u0131m s\u00f6\u011f\u00fct,<br \/>\nDilin \u015feker; \u0131s\u0131rmak isterdim \u00f6ylesine<br \/>\nEl\u00e2lem i\u00e7in yanar d\u00f6nersin<br \/>\nSeni gidi patl\u0131can bacakl\u0131 seni<\/p>\n<p style=\"font-weight: 400\">Ne cinsin sen, nas\u0131l bir \u015feytan<br \/>\nVallaha peri\u015fan ettin beni<br \/>\n\u015eark\u0131 s\u00f6ylemezsin bana<br \/>\nS\u00f6yledi\u011fin kimleredir<br \/>\nKendini bile bilmezken<\/p>\n<p style=\"font-weight: 400\"><em><br \/>\nUzun hava:<\/em><\/p>\n<p style=\"font-weight: 400\">Sen, ey g\u00f6nl\u00fcm<br \/>\nCi\u011ferimin i\u00e7i senin i\u00e7in yan\u0131yor<strong><br \/>\n<\/strong>\u0130mdat, ey g\u00f6nl\u00fcm<strong><br \/>\n<\/strong>Nedendir, bir e-mail bile atmazs\u0131n<br \/>\nDerdinden \u00f6l\u00fcyorum ben<\/p>\n<p style=\"font-weight: 400\"><em><br \/>\nS\u00f6z, M\u00fczik: Adir Jan<br \/>\n\u0130lham: Catullus, Carmen 48<\/em><br \/>\n<em>Aranjman: Conny Kreuter, Dave Sills, Hogir G\u00f6regen, Adir Jan<\/em><br \/>\n<em>Orijinal Dili: Kurmanc\u00ee &amp;\u00a0<\/em>Zazaca<br \/>\n<em>\u00c7eviri: Koray Y\u0131lmaz-G\u00fcnay, Adir Jan<\/em><\/p>\n<h4>Hayat\u0131n her an\u0131ndan tat \u00e7\u0131kar\u0131labilindi\u011finde doyumsuzluk olmaz da olu\u015fmaz da. Bardak dolu.<\/h4>\n<div><\/div>\n\t\t\t<\/div>\n\t\t<\/div>\n\t\t<\/div>\n<\/div>\n<\/div><\/div><\/div><\/div><\/div>","protected":false},"excerpt":{"rendered":"<p>MA\u00c7 THE KISS DER KUSS \u00d6P\u00dc\u015e Min te d\u00eeb\u00fb li bex\u00e7\u00ea kulan Ten\u00ea b\u00fby\u00ee nav hem\u00ee gulan Deng\u00ea te y\u00ea xwe\u015ftir ji bilbilan Dist\u00eer\u00ee ji k\u00fbrahiya dilan Eman dilo, eman dilo De lez biy\u00ea mi ma\u00e7 bikiro De lez biy\u00ea mi m&#8230;<\/p>\n<p> <a class=\"continue-reading-link\" href=\"https:\/\/adirjan.com\/?page_id=578\"><span>Weiterlesen<\/span><i class=\"crycon-right-dir\"><\/i><\/a> <\/p>\n","protected":false},"author":1,"featured_media":0,"parent":0,"menu_order":0,"comment_status":"closed","ping_status":"closed","template":"","meta":{"footnotes":""},"class_list":["post-578","page","type-page","status-publish","hentry"],"_links":{"self":[{"href":"https:\/\/adirjan.com\/index.php?rest_route=\/wp\/v2\/pages\/578","targetHints":{"allow":["GET"]}}],"collection":[{"href":"https:\/\/adirjan.com\/index.php?rest_route=\/wp\/v2\/pages"}],"about":[{"href":"https:\/\/adirjan.com\/index.php?rest_route=\/wp\/v2\/types\/page"}],"author":[{"embeddable":true,"href":"https:\/\/adirjan.com\/index.php?rest_route=\/wp\/v2\/users\/1"}],"replies":[{"embeddable":true,"href":"https:\/\/adirjan.com\/index.php?rest_route=%2Fwp%2Fv2%2Fcomments&post=578"}],"version-history":[{"count":19,"href":"https:\/\/adirjan.com\/index.php?rest_route=\/wp\/v2\/pages\/578\/revisions"}],"predecessor-version":[{"id":678,"href":"https:\/\/adirjan.com\/index.php?rest_route=\/wp\/v2\/pages\/578\/revisions\/678"}],"wp:attachment":[{"href":"https:\/\/adirjan.com\/index.php?rest_route=%2Fwp%2Fv2%2Fmedia&parent=578"}],"curies":[{"name":"wp","href":"https:\/\/api.w.org\/{rel}","templated":true}]}}