{"id":423,"date":"2019-01-25T16:44:26","date_gmt":"2019-01-25T15:44:26","guid":{"rendered":"http:\/\/adirjan.com\/?page_id=423"},"modified":"2020-09-26T18:18:27","modified_gmt":"2020-09-26T16:18:27","slug":"keskesor-rainbow-2","status":"publish","type":"page","link":"https:\/\/adirjan.com\/?page_id=423","title":{"rendered":"KESKESOR (Rainbow)"},"content":{"rendered":"<div id=\"pl-423\"  class=\"panel-layout\" ><div id=\"pg-423-0\"  class=\"panel-grid panel-no-style\" ><div id=\"pgc-423-0-0\"  class=\"panel-grid-cell\" ><div id=\"panel-423-0-0-0\" class=\"so-panel widget widget_sow-tabs panel-first-child panel-last-child\" data-index=\"0\" ><div\n\t\t\t\n\t\t\tclass=\"so-widget-sow-tabs so-widget-sow-tabs-default-d0b495f2a30c-423\"\n\t\t\t\n\t\t><div class=\"sow-tabs\">\n\t<div class=\"sow-tabs-tab-container\" role=\"tablist\">\n\t\t\t<div\n\t\t\tclass=\"sow-tabs-tab\n\t\t\t sow-tabs-tab-selected\t\t\t\"\n\t\t\trole=\"tab\"\n\t\t\tdata-anchor-id=\"keskesor\"\n\t\t\taria-selected=\"true\"\n\t\t\ttabindex=\"0\"\n\t\t>\n\t\t\t<div class=\"sow-tabs-title sow-tabs-title-icon-left\">\n\t\t\t\t\t\t\t\tKESKESOR\t\t\t\t\t\t\t<\/div>\n\t\t<\/div>\n\t\t\t<div\n\t\t\tclass=\"sow-tabs-tab\n\t\t\t\t\t\t\"\n\t\t\trole=\"tab\"\n\t\t\tdata-anchor-id=\"rainbow\"\n\t\t\taria-selected=\"false\"\n\t\t\ttabindex=\"0\"\n\t\t>\n\t\t\t<div class=\"sow-tabs-title sow-tabs-title-icon-left\">\n\t\t\t\t\t\t\t\tRAINBOW\t\t\t\t\t\t\t<\/div>\n\t\t<\/div>\n\t\t\t<div\n\t\t\tclass=\"sow-tabs-tab\n\t\t\t\t\t\t\"\n\t\t\trole=\"tab\"\n\t\t\tdata-anchor-id=\"regenbogen\"\n\t\t\taria-selected=\"false\"\n\t\t\ttabindex=\"0\"\n\t\t>\n\t\t\t<div class=\"sow-tabs-title sow-tabs-title-icon-left\">\n\t\t\t\t\t\t\t\tREGENBOGEN\t\t\t\t\t\t\t<\/div>\n\t\t<\/div>\n\t\t\t<div\n\t\t\tclass=\"sow-tabs-tab\n\t\t\t\t\t\t\"\n\t\t\trole=\"tab\"\n\t\t\tdata-anchor-id=\"goekkusagi\"\n\t\t\taria-selected=\"false\"\n\t\t\ttabindex=\"0\"\n\t\t>\n\t\t\t<div class=\"sow-tabs-title sow-tabs-title-icon-left\">\n\t\t\t\t\t\t\t\tG\u00d6KKU\u015eA\u011eI\t\t\t\t\t\t\t<\/div>\n\t\t<\/div>\n\t\t<\/div>\n\n\t<div class=\"sow-tabs-panel-container\">\n\t\t\t<div class=\"sow-tabs-panel\">\n\t\t\t<div\n\t\t\t\tclass=\"sow-tabs-panel-content\"\n\t\t\t\trole=\"tabpanel\"\n\t\t\t\taria-hidden=\"false\"\n\t\t\t>\n\t\t\t\t<p>Xwez\u00ee ev\u00een nav \u00eensana<br \/>\nHeba nav hem\u00fb dinya<br \/>\nT\u00fb ferq nake ins \u00fb cins<br \/>\nL\u00ea, ev\u00een a nav dila<\/p>\n<p>Bila m\u00ear ji m\u00eara ra<br \/>\nBila jin ji jina ra<br \/>\nHez bike, bes ev\u00een be<\/p>\n<p>Ji sedsalan li Kurdistan<br \/>\nMaxrib, \u00ceran \u00fb Hindistan<br \/>\nKes l\u00ea dij\u00ea tuneb\u00fb<br \/>\nTa ku Sip\u00ee hatib\u00fb<\/p>\n<p>Sip\u00ee hat \u00fb got\u00ee \u2013 Va ye<br \/>\nTu reng\u00een ez j\u00ee sip\u00ee me<br \/>\nYek jinik e, yek m\u00earik e<br \/>\nYek dewlemend, yek sef\u00eel e<br \/>\n\u00dbsa bibe dinya alem<br \/>\nVa ku dib\u00eajim, ev rast\u00ee ye<\/p>\n<p>Gel\u00ea me got \u2013 Wisa nabe<br \/>\n\u015e\u00ear \u015f\u00ear e, \u00e7i jin \u00e7i m\u00ear e<br \/>\nDil dil e, \u00e7i jin \u00e7i m\u00ear e<\/p>\n<p>Pa\u015f\u00ea gotin \u2013 em qebul dikin<br \/>\nTrans* \u00fb hemzayendan ku\u015ftin<br \/>\nHeta \u00eero berdewam e<br \/>\nEv ku\u015ftina dildaran<br \/>\nHeta \u00eero berdewam e<br \/>\nEv ku\u015ftina li malan<\/p>\n<p>Weylo li min, weylo li min<br \/>\nXwi\u015fk \u00fb bir\u00ea\u2019m hatin ku\u015ftin<\/p>\n<p>Gelo, ma tu sip\u00ee b\u00fby\u00ee<br \/>\nKa giringat\u00ee v\u00ee dil\u00ee<\/p>\n<p>Va neke, \u00e7av\u00ea min, neke<br \/>\nTu bindest bindest\u00ee neke<br \/>\nEv \u00e7and \u00fb d\u00eeroka me ne<br \/>\nKa bin\u00eare, ka bin\u00eare<\/p>\n<p>Dest\u00ea me da \u00e7ek j\u00ee tune<br \/>\nTen\u00ea dest\u00eak bi kulilk e<\/p>\n<p>Gul\u00ean bex\u00e7\u00ea rengereng in<br \/>\nEm per\u00e7\u00eak\u00ee keskesor in<br \/>\nDer \u00fb dor b\u00eaje neb\u00eaje<br \/>\nDoza min j\u00ee doza te ye<\/p>\n<p>Werin bi hevra bime\u015fin<br \/>\nEm ev\u00een\u00ea bipar\u00eazin<\/p>\n<p>Maf\u00ean me qebul bikin, bidin<br \/>\nHeger nadin, em \u00ea bigirin<\/p>\n<p>Ez \u00eensan im, wek\u00ee te me<br \/>\nDinya alem bi ev\u00een be<\/p>\n<p><em>Lyrics &amp; Music: Adir Jan<br \/>\nLanguage: Kurmanc\u00ee<br \/>\nArrangement: Conny Kreuter, Dave Sills,<br \/>\nBilal Hammour, Hogir G\u00f6regen, Adir Jan<br \/>\n<\/em><\/p>\n<p>Jibo b\u00eeran\u00eena Ro\u015f\u00een \u00c7\u00ee\u00e7ek.<\/p>\n<h4>Neither the hatred instilled nor the hatred inside<br \/>\nwill ever again weaken the heart.<br \/>\nNo other Ro\u015f\u00een will die.<\/h4>\n\t\t\t<\/div>\n\t\t<\/div>\n\t\t\t<div class=\"sow-tabs-panel\">\n\t\t\t<div\n\t\t\t\tclass=\"sow-tabs-panel-content\"\n\t\t\t\trole=\"tabpanel\"\n\t\t\t\taria-hidden=\"true\"\n\t\t\t>\n\t\t\t\t<p>If only love among humankind<br \/>\nExisted all the world over<br \/>\nWhat matters is not where one comes from<br \/>\nBut only the love in one\u2019s heart<\/p>\n<p>Let men love men<br \/>\nLet women love women<br \/>\nLoving is the only thing that counts<\/p>\n<p>For centuries in Kurdistan,<br \/>\nIn the Maghreb, India and Iran<br \/>\nNo one batted an eye<br \/>\nUntil the white man came<\/p>\n<p>He came and said<br \/>\nThis is how things stand\u2026<br \/>\nYou are coloured, I am white<br \/>\nThis is a woman, that is a man,<br \/>\nThis one\u2019s rich, that one\u2019s poor,<br \/>\nAnd so it shall be, all the world over,<br \/>\nFor whatever I say is the truth<\/p>\n<p>Our people said<br \/>\nNo way!<br \/>\nA lion is a lion,<br \/>\nNeither masculine nor feminine,<br \/>\nA heart is a heart,<br \/>\nNeither masculine nor feminine<\/p>\n<p>Yet later they too accepted it<br \/>\nAnd murdered trans* and homos*<br \/>\nIt\u2019s still happening today<br \/>\nLovers are being murdered<br \/>\nIt\u2019s still happening today<br \/>\nMurder within the family<\/p>\n<p>O, how my heart is aching<br \/>\nMy sisters and brothers, murdered!<\/p>\n<p>What\u2019s with you people? Have you turned white?<br \/>\nWhat ever happened to the values of the heart?<\/p>\n<p>Don\u2019t do it, dear heart! Don\u2019t do it!<br \/>\nYou are oppressed, but don\u2019t become an oppressor<br \/>\nRemember our cultures, our histories<br \/>\nOpen your eyes \u2013 Just open your eyes!<\/p>\n<p>We don\u2019t have weapons in our hands<br \/>\nBut a handful of flowers<\/p>\n<p>The garden blooms in all colours<br \/>\nThe rainbow is made up of us all<br \/>\nPeople can say what they like<br \/>\nMy struggle is your struggle<\/p>\n<p>Let\u2019s come together and stand up<br \/>\nFor love!<\/p>\n<p>Acknowledge our rights!<br \/>\nGive us our rights!<br \/>\nIf you do not, we shall wrest them from you<\/p>\n<p>I am human just like you<br \/>\nMay the world be filled with love!<\/p>\n<p>&nbsp;<\/p>\n<p><em>Lyrics &amp; Music: Adir Jan<br \/>\nOriginal Language: Kurmanc\u00ee-Kurdish<br \/>\nArrangement:<\/em> <em>Conny Kreuter, Dave Sills,<br \/>\nBilal Hammour, Hogir G\u00f6regen, Adir Jan<\/em><\/p>\n<p>Translation: Jill Denton<\/p>\n<p>_____________________<\/p>\n<p>In memoriam Ro\u015f\u00een \u00c7\u00ee\u00e7ek.<\/p>\n<h4>Neither the hatred instilled nor the hatred inside<br \/>\nwill ever again weaken the heart.<br \/>\nNo other Ro\u015f\u00een will die.<\/h4>\n\t\t\t<\/div>\n\t\t<\/div>\n\t\t\t<div class=\"sow-tabs-panel\">\n\t\t\t<div\n\t\t\t\tclass=\"sow-tabs-panel-content\"\n\t\t\t\trole=\"tabpanel\"\n\t\t\t\taria-hidden=\"true\"\n\t\t\t>\n\t\t\t\t<p>Wenn es nur Liebe unter Menschen<br \/>\nG\u00e4be \u2013 \u00fcberall auf der Welt<br \/>\nHerkunft macht keinen Unterschied<br \/>\nDoch die Liebe in den Herzen<\/p>\n<p>Sollen doch M\u00e4nner M\u00e4nner<br \/>\nSollen doch Frauen Frauen<br \/>\nLieben \u2013 Lass es nur Liebe sein<\/p>\n<p>Jahrhundertelang war in Kurdistan<br \/>\nIm Maghreb, Indien und Iran<br \/>\nNiemand gegen<br \/>\nBis der Wei\u00dfe kam<\/p>\n<p>Er kam und sagte<br \/>\nEs ist wie folgt<br \/>\nDu bist farbig, ich bin wei\u00df<br \/>\nDies eine Frau, dieser ein Mann<br \/>\nDieser ist reich, jener ist arm<br \/>\nSo solle die ganze Welt sein<br \/>\nDenn, was ich sag\u2019, das ist Wahrheit<\/p>\n<p>Unsere Leute sagten<br \/>\nSo geht das nicht<br \/>\nEin L\u00f6we ist ein L\u00f6we<br \/>\nNicht m\u00e4nnlich noch weiblich<br \/>\nEin Herz ist ein Herz<br \/>\nNicht m\u00e4nnlich noch weiblich<\/p>\n<p>Sp\u00e4ter jedoch nahmen sie es an<br \/>\nBrachten Trans* und Homos* um<br \/>\nBis heute geschieht es<br \/>\nDas Morden an Liebenden<br \/>\nBis heute geschieht es<br \/>\nDas Morden in Familien<\/p>\n<p>Oh weh, ich Armer<br \/>\nErmordet, meine Geschwister<\/p>\n<p>Leute, seid Ihr wei\u00df geworden<br \/>\nWo blo\u00df bleibt der Wert der Herzen<\/p>\n<p>Tu\u2019s nicht, mein Herz, tue das nicht<br \/>\nBist unterdr\u00fcckt, unterdr\u00fccke nicht<br \/>\nUnsre Kulturen sind\u2018s, unsre Geschichte[n]<br \/>\nSiehe hin, sieh einfach nur hin<\/p>\n<p>Nicht Waffen halten wir in unseren H\u00e4nden<br \/>\nSondern H\u00e4nde voller Blumen<\/p>\n<p>Vielfarben sind des Gartens Blumen<br \/>\nTeil sind wir des einen Regenbogen<br \/>\nSagen m\u00f6gen Leute, was sie sagen<br \/>\nMein Kampf ist gleichsam dein Kampf<\/p>\n<p>Kommet zusammen und schreitet voran<br \/>\nZu k\u00e4mpfen gemeinsam f\u00fcr Liebe<\/p>\n<p>Erkennt unsere Rechte und gebt sie uns<br \/>\nGebt ihr sie nicht, rei\u00dfen wir sie uns<\/p>\n<p>Ich bin ein Mensch, genauso wie du<br \/>\nVoller Liebe sei die Welt<\/p>\n<p><em><br \/>\nLyrics &amp; Music: Adir Jan<br \/>\nOriginalsprache: Kurmanc\u00ee<br \/>\nArrangement:<\/em> <em>Conny Kreuter, Dave Sills,<br \/>\nBilal Hammour, Hogir G\u00f6regen, Adir Jan<\/em><\/p>\n<p><em><br \/>\n\u00dcbersetzung: Adir Jan<\/em><\/p>\n<p>_____________________<\/p>\n<p>In memoriam Ro\u015f\u00een \u00c7\u00ee\u00e7ek.<\/p>\n<h4>Weder auferlegter noch Hass von innen<br \/>\nher werden die Herzen weiter schw\u00e4chen.<br \/>\nKein weiterer Ro\u015f\u00een wird sterben.<\/h4>\n\t\t\t<\/div>\n\t\t<\/div>\n\t\t\t<div class=\"sow-tabs-panel\">\n\t\t\t<div\n\t\t\t\tclass=\"sow-tabs-panel-content\"\n\t\t\t\trole=\"tabpanel\"\n\t\t\t\taria-hidden=\"true\"\n\t\t\t>\n\t\t\t\t<p style=\"font-weight: 400\">\u0130nsanlar aras\u0131nda sevgi<br \/>\nOlsa \u2013 b\u00fct\u00fcn d\u00fcnyada<br \/>\nFarketmez ne ins ne cins<br \/>\nFark eden kalplerdeki a\u015fk<\/p>\n<p style=\"font-weight: 400\">Vars\u0131n erkek erke\u011fi sevsin<br \/>\nVars\u0131n kad\u0131n kad\u0131n\u0131 sevsin<br \/>\nSevsin, yeter ki a\u015fk olsun<\/p>\n<p style=\"font-weight: 400\">Y\u00fczy\u0131llard\u0131r K\u00fcrdistan\u2019da<br \/>\nMa\u011frip, \u0130ran, Hindistan\u2019da<br \/>\nKimse kar\u015f\u0131 de\u011fildi bu a\u015fka<br \/>\nAma beyaz adam ba\u015fka<\/p>\n<p style=\"font-weight: 400\">Beyaz adam geldi ve dedi ki<br \/>\nDurum budur:<br \/>\nSenin rengin ayr\u0131, benimkisi beyaz<br \/>\nBiriniz kad\u0131n, biriniz erkek<br \/>\nBiriniz zengin, biriniz sefil<br \/>\nD\u00fcnya \u00e2lem bundan ibaret olacak<br \/>\nBen ne dersem o olacak<\/p>\n<p style=\"font-weight: 400\">Halk\u0131m\u0131z dedi ki<br \/>\nB\u00f6yle olmaz<br \/>\nAslan asland\u0131r<br \/>\nErke\u011fi kad\u0131n\u0131 olmaz<br \/>\nY\u00fcrek y\u00fcrektir<br \/>\nErke\u011fi kad\u0131n\u0131 olmaz<\/p>\n<p style=\"font-weight: 400\">Ge\u00e7ti zaman, halk dedi ki, kabul\u00fcm\u00fczd\u00fcr<br \/>\n\u00d6ld\u00fcr\u00fcler trans\u0131, e\u015fcinseli<br \/>\nG\u00fcn\u00fcm\u00fcze dek<br \/>\nK\u0131yarlar sevenlere<br \/>\nG\u00fcn\u00fcm\u00fcze dek<br \/>\nCinayet i\u015fler aileler<\/p>\n<p style=\"font-weight: 400\">Vay bana, vaylar bana<br \/>\n\u00d6ld\u00fcr\u00fcld\u00fc karde\u015flerim<\/p>\n<p style=\"font-weight: 400\">Ey insanlar, beyaz m\u0131 oldunuz?<br \/>\nNerede kald\u0131 a\u015fk\u0131n \u00f6nemi?<\/p>\n<p style=\"font-weight: 400\">Yapma, g\u00f6z\u00fcm, bunu yapma<br \/>\nEzilen sensin, sen de ezme<br \/>\nBizim k\u00fclt\u00fcr\u00fcm\u00fcz bu, bizim tarihimiz<br \/>\nG\u00f6rmeye haz\u0131rsan<\/p>\n<p style=\"font-weight: 400\">Elimizde silah yok ki,<br \/>\n\u00c7i\u00e7ek dolu ellerimiz<\/p>\n<p style=\"font-weight: 400\">Reng\u00e2renktir bah\u00e7enin \u00e7i\u00e7ekleri<br \/>\nAyn\u0131 g\u00f6kku\u015fa\u011f\u0131n\u0131n par\u00e7as\u0131y\u0131z biz<br \/>\nKim ne derse desin<br \/>\nSenin de davand\u0131r benimkisi<\/p>\n<p style=\"font-weight: 400\">Gelin birlikte y\u00fcr\u00fcyelim<br \/>\nBirlikte a\u015fk\u0131 savunal\u0131m<\/p>\n<p style=\"font-weight: 400\">Haklar\u0131m\u0131z\u0131 kabul edin, bize verin<br \/>\nVermezseniz, almas\u0131n\u0131 biliriz<\/p>\n<p style=\"font-weight: 400\">\u0130nsan\u0131m ben sen gibi<br \/>\nA\u015fkla dolsun d\u00fcnya \u00e2lem<\/p>\n<p style=\"font-weight: 400\"><em>S\u00f6z, M\u00fczik: Adir Jan<\/em><br \/>\n<em>Orijinal Dili: Kurmanc\u00ee<\/em><br \/>\n<em>Aranjman: Conny Kreuter, Dave Sills, Bilal Hammour, Hogir G\u00f6regen, Adir Jan<\/em><br \/>\n<em>\u00c7eviri : Koray Y\u0131lmaz-G\u00fcnay<\/em>,\u00a0<em>Adir Jan<\/em><\/p>\n<p style=\"font-weight: 400\">Ro\u015f\u00een \u00c7\u00ee\u00e7ek\u2018in an\u0131s\u0131na.<\/p>\n<h4 style=\"font-weight: 400\"><strong>Ne \u00f6\u011frenilen ne de i\u00e7ten gelen nefret art\u0131k y\u00fcrekleri\u00a0<\/strong><strong>zay\u0131flatcak. Ba\u015fka Ro\u015f\u00een\u2019ler \u00f6lmeyecek.<\/strong><\/h4>\n\t\t\t<\/div>\n\t\t<\/div>\n\t\t<\/div>\n<\/div>\n<\/div><\/div><\/div><\/div><\/div>","protected":false},"excerpt":{"rendered":"<p>KESKESOR RAINBOW REGENBOGEN G\u00d6KKU\u015eA\u011eI Xwez\u00ee ev\u00een nav \u00eensana Heba nav hem\u00fb dinya T\u00fb ferq nake ins \u00fb cins L\u00ea, ev\u00een a nav dila Bila m\u00ear ji m\u00eara ra Bila jin ji jina ra Hez bike, bes ev\u00een be Ji sedsalan li&#8230;<\/p>\n<p> <a class=\"continue-reading-link\" href=\"https:\/\/adirjan.com\/?page_id=423\"><span>Weiterlesen<\/span><i class=\"crycon-right-dir\"><\/i><\/a> <\/p>\n","protected":false},"author":1,"featured_media":0,"parent":0,"menu_order":0,"comment_status":"closed","ping_status":"closed","template":"","meta":{"footnotes":""},"class_list":["post-423","page","type-page","status-publish","hentry"],"_links":{"self":[{"href":"https:\/\/adirjan.com\/index.php?rest_route=\/wp\/v2\/pages\/423","targetHints":{"allow":["GET"]}}],"collection":[{"href":"https:\/\/adirjan.com\/index.php?rest_route=\/wp\/v2\/pages"}],"about":[{"href":"https:\/\/adirjan.com\/index.php?rest_route=\/wp\/v2\/types\/page"}],"author":[{"embeddable":true,"href":"https:\/\/adirjan.com\/index.php?rest_route=\/wp\/v2\/users\/1"}],"replies":[{"embeddable":true,"href":"https:\/\/adirjan.com\/index.php?rest_route=%2Fwp%2Fv2%2Fcomments&post=423"}],"version-history":[{"count":9,"href":"https:\/\/adirjan.com\/index.php?rest_route=\/wp\/v2\/pages\/423\/revisions"}],"predecessor-version":[{"id":735,"href":"https:\/\/adirjan.com\/index.php?rest_route=\/wp\/v2\/pages\/423\/revisions\/735"}],"wp:attachment":[{"href":"https:\/\/adirjan.com\/index.php?rest_route=%2Fwp%2Fv2%2Fmedia&parent=423"}],"curies":[{"name":"wp","href":"https:\/\/api.w.org\/{rel}","templated":true}]}}