{"id":415,"date":"2019-01-25T16:37:33","date_gmt":"2019-01-25T15:37:33","guid":{"rendered":"http:\/\/adirjan.com\/?page_id=415"},"modified":"2020-09-26T18:28:40","modified_gmt":"2020-09-26T16:28:40","slug":"sengal-shengal-2","status":"publish","type":"page","link":"https:\/\/adirjan.com\/?page_id=415","title":{"rendered":"\u015eENGAL (Shengal)"},"content":{"rendered":"<div id=\"pl-415\"  class=\"panel-layout\" ><div id=\"pg-415-0\"  class=\"panel-grid panel-no-style\" ><div id=\"pgc-415-0-0\"  class=\"panel-grid-cell\" ><div id=\"panel-415-0-0-0\" class=\"so-panel widget widget_sow-tabs panel-first-child panel-last-child\" data-index=\"0\" ><div\n\t\t\t\n\t\t\tclass=\"so-widget-sow-tabs so-widget-sow-tabs-default-d0b495f2a30c-415\"\n\t\t\t\n\t\t><div class=\"sow-tabs\">\n\t<div class=\"sow-tabs-tab-container\" role=\"tablist\">\n\t\t\t<div\n\t\t\tclass=\"sow-tabs-tab\n\t\t\t sow-tabs-tab-selected\t\t\t\"\n\t\t\trole=\"tab\"\n\t\t\tdata-anchor-id=\"sengal\"\n\t\t\taria-selected=\"true\"\n\t\t\ttabindex=\"0\"\n\t\t>\n\t\t\t<div class=\"sow-tabs-title sow-tabs-title-icon-left\">\n\t\t\t\t\t\t\t\t\u015eENGAL\t\t\t\t\t\t\t<\/div>\n\t\t<\/div>\n\t\t\t<div\n\t\t\tclass=\"sow-tabs-tab\n\t\t\t\t\t\t\"\n\t\t\trole=\"tab\"\n\t\t\tdata-anchor-id=\"shengal\"\n\t\t\taria-selected=\"false\"\n\t\t\ttabindex=\"0\"\n\t\t>\n\t\t\t<div class=\"sow-tabs-title sow-tabs-title-icon-left\">\n\t\t\t\t\t\t\t\tSHENGAL\t\t\t\t\t\t\t<\/div>\n\t\t<\/div>\n\t\t\t<div\n\t\t\tclass=\"sow-tabs-tab\n\t\t\t\t\t\t\"\n\t\t\trole=\"tab\"\n\t\t\tdata-anchor-id=\"shengal\"\n\t\t\taria-selected=\"false\"\n\t\t\ttabindex=\"0\"\n\t\t>\n\t\t\t<div class=\"sow-tabs-title sow-tabs-title-icon-left\">\n\t\t\t\t\t\t\t\tSHENGAL\t\t\t\t\t\t\t<\/div>\n\t\t<\/div>\n\t\t\t<div\n\t\t\tclass=\"sow-tabs-tab\n\t\t\t\t\t\t\"\n\t\t\trole=\"tab\"\n\t\t\tdata-anchor-id=\"sengal\"\n\t\t\taria-selected=\"false\"\n\t\t\ttabindex=\"0\"\n\t\t>\n\t\t\t<div class=\"sow-tabs-title sow-tabs-title-icon-left\">\n\t\t\t\t\t\t\t\t\u015eENGAL\t\t\t\t\t\t\t<\/div>\n\t\t<\/div>\n\t\t<\/div>\n\n\t<div class=\"sow-tabs-panel-container\">\n\t\t\t<div class=\"sow-tabs-panel\">\n\t\t\t<div\n\t\t\t\tclass=\"sow-tabs-panel-content\"\n\t\t\t\trole=\"tabpanel\"\n\t\t\t\taria-hidden=\"false\"\n\t\t\t>\n\t\t\t\t<p>Ay \u015eengal<br \/>\nDil di\u015fewite<br \/>\nDil jan \u00fb \u00ea\u015f e<\/p>\n<p>Ez \u015fewit\u00eem bo ke\u00e7a<br \/>\nEz \u015fewit\u00eem bo xwi\u015fka<br \/>\nKal \u00fb p\u00eer neman<br \/>\nKa ye ni\u015ft\u00eeman<br \/>\nDil jan \u00fb \u00ea\u015f e<\/p>\n<p>Ay \u015eengal<br \/>\nDinya kor, kerr \u00fb lal<\/p>\n<p>Ez \u015fewit\u00eem bo dayika<br \/>\nEz \u015fewit\u00eem bo yara<br \/>\nD\u00eesa \u015f\u00een zewal<br \/>\n\u00c7iya \u00fb newal<br \/>\nDil jan \u00fb \u00ea\u015f e<\/p>\n<p><em>Lyrics &amp; Music: Adir Jan<br \/>\nLanguage: Kurmanc\u00ee<br \/>\nArrangement:\u00a0<\/em><i>Conny Kreuter, Dave Sills, Hogir G\u00f6regen, Adir Jan<\/i><\/p>\n<h4>Torture, murder and rape cede to universal connectedness.<br \/>\nHuman beings are one.<\/h4>\n\t\t\t<\/div>\n\t\t<\/div>\n\t\t\t<div class=\"sow-tabs-panel\">\n\t\t\t<div\n\t\t\t\tclass=\"sow-tabs-panel-content\"\n\t\t\t\trole=\"tabpanel\"\n\t\t\t\taria-hidden=\"true\"\n\t\t\t>\n\t\t\t\t<p>Ay Shengal<br \/>\nMy heart is consumed by fire<br \/>\nMy heart is suffering and pain<\/p>\n<p>Consumed by fire for the girls<br \/>\nConsumed by fire for my sisters<br \/>\nThere are no old people left now<br \/>\nSo where is home?<br \/>\nMy heart is suffering and pain<\/p>\n<p>Ay Shengal<br \/>\nThe world sees nothing, hears nothing, says nothing<\/p>\n<p>Consumed by fire for the mothers<br \/>\nConsumed by fire for the lovers<br \/>\nGrief and extermination once again<br \/>\nSweep the mountains and valleys<br \/>\nMy heart is suffering and pain<\/p>\n<p><em>Lyrics &amp; Music: Adir Jan<br \/>\nOriginal Language: Kurmanc\u00ee-Kurdish<br \/>\nArrangement:<\/em> <i>Conny Kreuter, Dave Sills, Hogir G\u00f6regen, Adir Jan<br \/>\nTranslation: Jill Denton<\/i><\/p>\n<h4>Torture, murder and rape cede to universal connectedness.<br \/>\nHuman beings are one.<\/h4>\n\t\t\t<\/div>\n\t\t<\/div>\n\t\t\t<div class=\"sow-tabs-panel\">\n\t\t\t<div\n\t\t\t\tclass=\"sow-tabs-panel-content\"\n\t\t\t\trole=\"tabpanel\"\n\t\t\t\taria-hidden=\"true\"\n\t\t\t>\n\t\t\t\t<p>Ay Shengal<br \/>\nDas Herz brennt<br \/>\nDas Herz ist Leid und Schmerz<\/p>\n<p>Verbrannt f\u00fcr die M\u00e4dchen<br \/>\nVerbrannt f\u00fcr meine Schwestern<br \/>\nGreise gibt es gar nicht mehr<br \/>\nWo gar ist die Heimat<br \/>\nDas Herz ist Leid und Schmerz<\/p>\n<p>Ay Shengal<br \/>\nDie Welt ist blind, die Welt ist taub, die Welt ist stumm<\/p>\n<p>Verbrannt f\u00fcr all die M\u00fctter<br \/>\nVerbrannt f\u00fcr die sich lieben<br \/>\nWimmern wieder Vernichtung<br \/>\n\u00dcber Berg und Tal<br \/>\nDas Herz ist Leid und Schmerz<\/p>\n<p><em>Text &amp; Musik: Adir Jan<br \/>\nOriginalsprache: Kurmanc\u00ee<br \/>\nArrangement:<\/em> <i>Conny Kreuter, Dave Sills, Hogir G\u00f6regen, Adir Jan<\/i><\/p>\n<h4>Folter, Mord, Vergewaltigung<br \/>\nweichen universeller Verbundenheit.<br \/>\nDer Mensch ist eins.<\/h4>\n\t\t\t<\/div>\n\t\t<\/div>\n\t\t\t<div class=\"sow-tabs-panel\">\n\t\t\t<div\n\t\t\t\tclass=\"sow-tabs-panel-content\"\n\t\t\t\trole=\"tabpanel\"\n\t\t\t\taria-hidden=\"true\"\n\t\t\t>\n\t\t\t\t<p style=\"font-weight: 400\">Ah \u015eengal<br \/>\nY\u00fcre\u011fim yan\u0131yor<br \/>\nY\u00fcre\u011fim a\u011fr\u0131, sanc\u0131 dolu<\/p>\n<p style=\"font-weight: 400\">K\u0131zlar i\u00e7in yanar\u0131m<br \/>\nK\u0131zkarde\u015fler i\u00e7in yanar\u0131m<br \/>\nYa\u015fl\u0131 insan kalmad\u0131<br \/>\nNe yer kald\u0131 ne de yurt<br \/>\nY\u00fcre\u011fim a\u011fr\u0131, sanc\u0131 dolu<\/p>\n<p style=\"font-weight: 400\">Ah \u015eengal<br \/>\nD\u00fcnya k\u00f6r, sa\u011f\u0131r ve l\u00e2l<\/p>\n<p style=\"font-weight: 400\">Anneler i\u00e7in yanar\u0131m<br \/>\nSevenler i\u00e7in yanar\u0131m<br \/>\n\u015eengal\u2018\u0131n da\u011flar\u0131 tepeleri<br \/>\nYine matem, yine yok edili\u015f<br \/>\nY\u00fcre\u011fim a\u011fr\u0131, sanc\u0131 dolu<\/p>\n<p style=\"font-weight: 400\"><i>S\u00f6z, M\u00fczik: Adir Jan<\/i><br \/>\n<i>Orijinal Dili: Kurmanc\u00ee<\/i><br \/>\n<i>Aranjman: Conny Kreuter, Dave Sills, Hogir G\u00f6regen, Adir Jan<\/i><br \/>\n<i>\u00c7eviri : Koray Y\u0131lmaz-G\u00fcnay<\/i>,\u00a0<i>Adir Jan<\/i><\/p>\n<h4 style=\"font-weight: 400\"><strong>\u0130\u015fkence, cinayet ve tecav\u00fcz yerini evrensel bir ba\u011fl\u0131l\u0131\u011fa b\u0131rakacak. \u0130nsan birdir; her\u015fey birdir.<\/strong><\/h4>\n\t\t\t<\/div>\n\t\t<\/div>\n\t\t<\/div>\n<\/div>\n<\/div><\/div><\/div><\/div><\/div>","protected":false},"excerpt":{"rendered":"<p>\u015eENGAL SHENGAL SHENGAL \u015eENGAL Ay \u015eengal Dil di\u015fewite Dil jan \u00fb \u00ea\u015f e Ez \u015fewit\u00eem bo ke\u00e7a Ez \u015fewit\u00eem bo xwi\u015fka Kal \u00fb p\u00eer neman Ka ye ni\u015ft\u00eeman Dil jan \u00fb \u00ea\u015f e Ay \u015eengal Dinya kor, kerr \u00fb lal Ez \u015fewit\u00eem bo &#8230;<\/p>\n<p> <a class=\"continue-reading-link\" href=\"https:\/\/adirjan.com\/?page_id=415\"><span>Weiterlesen<\/span><i class=\"crycon-right-dir\"><\/i><\/a> <\/p>\n","protected":false},"author":1,"featured_media":0,"parent":0,"menu_order":0,"comment_status":"closed","ping_status":"closed","template":"","meta":{"footnotes":""},"class_list":["post-415","page","type-page","status-publish","hentry"],"_links":{"self":[{"href":"https:\/\/adirjan.com\/index.php?rest_route=\/wp\/v2\/pages\/415","targetHints":{"allow":["GET"]}}],"collection":[{"href":"https:\/\/adirjan.com\/index.php?rest_route=\/wp\/v2\/pages"}],"about":[{"href":"https:\/\/adirjan.com\/index.php?rest_route=\/wp\/v2\/types\/page"}],"author":[{"embeddable":true,"href":"https:\/\/adirjan.com\/index.php?rest_route=\/wp\/v2\/users\/1"}],"replies":[{"embeddable":true,"href":"https:\/\/adirjan.com\/index.php?rest_route=%2Fwp%2Fv2%2Fcomments&post=415"}],"version-history":[{"count":11,"href":"https:\/\/adirjan.com\/index.php?rest_route=\/wp\/v2\/pages\/415\/revisions"}],"predecessor-version":[{"id":744,"href":"https:\/\/adirjan.com\/index.php?rest_route=\/wp\/v2\/pages\/415\/revisions\/744"}],"wp:attachment":[{"href":"https:\/\/adirjan.com\/index.php?rest_route=%2Fwp%2Fv2%2Fmedia&parent=415"}],"curies":[{"name":"wp","href":"https:\/\/api.w.org\/{rel}","templated":true}]}}