{"id":409,"date":"2019-01-25T08:07:34","date_gmt":"2019-01-25T07:07:34","guid":{"rendered":"http:\/\/adirjan.com\/?page_id=409"},"modified":"2025-01-19T00:20:55","modified_gmt":"2025-01-18T23:20:55","slug":"off","status":"publish","type":"page","link":"https:\/\/adirjan.com\/?page_id=409","title":{"rendered":"OFF"},"content":{"rendered":"<div id=\"pl-409\"  class=\"panel-layout\" ><div id=\"pg-409-0\"  class=\"panel-grid panel-no-style\" ><div id=\"pgc-409-0-0\"  class=\"panel-grid-cell\" ><div id=\"panel-409-0-0-0\" class=\"so-panel widget widget_sow-tabs panel-first-child panel-last-child\" data-index=\"0\" ><div\n\t\t\t\n\t\t\tclass=\"so-widget-sow-tabs so-widget-sow-tabs-default-d0b495f2a30c-409\"\n\t\t\t\n\t\t><div class=\"sow-tabs\">\n\t<div class=\"sow-tabs-tab-container\" role=\"tablist\">\n\t\t\t<div\n\t\t\tclass=\"sow-tabs-tab\n\t\t\t sow-tabs-tab-selected\t\t\t\"\n\t\t\trole=\"tab\"\n\t\t\tdata-anchor-id=\"off\"\n\t\t\taria-selected=\"true\"\n\t\t\ttabindex=\"0\"\n\t\t>\n\t\t\t<div class=\"sow-tabs-title sow-tabs-title-icon-left\">\n\t\t\t\t\t\t\t\tOFF\t\t\t\t\t\t\t<\/div>\n\t\t<\/div>\n\t\t\t<div\n\t\t\tclass=\"sow-tabs-tab\n\t\t\t\t\t\t\"\n\t\t\trole=\"tab\"\n\t\t\tdata-anchor-id=\"off\"\n\t\t\taria-selected=\"false\"\n\t\t\ttabindex=\"0\"\n\t\t>\n\t\t\t<div class=\"sow-tabs-title sow-tabs-title-icon-left\">\n\t\t\t\t\t\t\t\tOFF\t\t\t\t\t\t\t<\/div>\n\t\t<\/div>\n\t\t\t<div\n\t\t\tclass=\"sow-tabs-tab\n\t\t\t\t\t\t\"\n\t\t\trole=\"tab\"\n\t\t\tdata-anchor-id=\"off\"\n\t\t\taria-selected=\"false\"\n\t\t\ttabindex=\"0\"\n\t\t>\n\t\t\t<div class=\"sow-tabs-title sow-tabs-title-icon-left\">\n\t\t\t\t\t\t\t\tOFF\t\t\t\t\t\t\t<\/div>\n\t\t<\/div>\n\t\t<\/div>\n\n\t<div class=\"sow-tabs-panel-container\">\n\t\t\t<div class=\"sow-tabs-panel\">\n\t\t\t<div\n\t\t\t\tclass=\"sow-tabs-panel-content\"\n\t\t\t\trole=\"tabpanel\"\n\t\t\t\taria-hidden=\"false\"\n\t\t\t>\n\t\t\t\t<p>Sahraya gittim, herg\u00fcn herg\u00fcn<br \/>\nSen yoktun, yak\u0131nd\u0131n, yoktun<br \/>\nOdun oldum, pi\u015ftim bittim<br \/>\nGeberdim ben o d\u00fc\u015fte<br \/>\nOf be adam, off<\/p>\n<p>Sustun, pustun, hep kayboldun<br \/>\nBense \u00f6ld\u00fcm bin binlerce<br \/>\nA\u011fa\u00e7 oldum, it \u00e7\u00f6llerde, off<\/p>\n<p>Ah \u00f6zg\u00fcrl\u00fck, vah \u00f6zg\u00fcrl\u00fck<br \/>\nB\u0131kt\u0131m senden, hep t\u00fck\u00fcr\u00fck<br \/>\n\u00d6fke doluyum \u00f6fke \u00f6f<br \/>\nS\u0131k\u0131ld\u0131m bl\u00f6flerinden<br \/>\n\u00d6f be adam, \u00f6f<\/p>\n<p>Ben de ka\u00e7sam neye yarar<br \/>\nG\u00fcl\u00e2y, Derya bize g\u00fcler<br \/>\nKa\u00e7mak kolay, ka\u00e7mak zarar<br \/>\nOff<\/p>\n<p>Lambam olsa sana tutsam<br \/>\n\u0130\u00e7indekileri g\u00f6rsem<br \/>\nLambam, de\u011fne\u011fim de nanay<br \/>\nYapma demem t\u00fcmden olay<br \/>\nWay be adam, way<\/p>\n<p>Gidi\u015flerin, ka\u00e7\u0131\u015flar\u0131n<br \/>\nT\u00fcmden t\u00fcm yok olu\u015flar\u0131n<br \/>\nYara a\u00e7t\u0131 bende yara<br \/>\nKendime gelemez oldum<br \/>\nBen bana bakamaz oldum<br \/>\nSesimi duyamaz oldum<br \/>\nKonu\u015f adam, konu\u015f benle<br \/>\nOFF<\/p>\n<p><em>Lyrics &amp; Music: Adir Jan<br \/>\nLanguage: Turkish<br \/>\nArrangement: Conny Kreuter, Adir Jan<br \/>\n<\/em><\/p>\n<h4>To have expectations disappoints.<br \/>\nWhoever or whatever may come,<br \/>\nmay come.<\/h4>\n\t\t\t<\/div>\n\t\t<\/div>\n\t\t\t<div class=\"sow-tabs-panel\">\n\t\t\t<div\n\t\t\t\tclass=\"sow-tabs-panel-content\"\n\t\t\t\trole=\"tabpanel\"\n\t\t\t\taria-hidden=\"true\"\n\t\t\t>\n\t\t\t\t<p class=\"western\"><span style=\"font-family: Sylfaen, serif\"><span style=\"font-size: large\">I went to the desert, every day, every day<br \/>\nYou were not there, you were near, yet were not there<br \/>\nI became wood, I burned, I was finished<br \/>\nI died in that dream<br \/>\nOff, man \u2013 Off!<\/span><\/span><\/p>\n<p class=\"western\"><span style=\"font-family: Sylfaen, serif\"><span style=\"font-size: large\">You went silent, disappeared<br \/>\nBut I died thousands of times<br \/>\nI waited too long, became a cur in the desert \u2013 Off<\/span><\/span><\/p>\n<p class=\"western\"><span style=\"font-family: Sylfaen, serif\"><span style=\"font-size: large\">Oh, \u201cfreedom\u201d, oh, \u201cfreedom\u201d<br \/>\nI\u2019m sick of you, all spit<br \/>\nI am full of anger, full of rage<br \/>\nI\u2019m tired of your bluffs \u2013 Off<\/span><\/span><\/p>\n<p class=\"western\"><span style=\"font-family: Sylfaen, serif\"><span style=\"font-size: large\">What\u2019s the use if I run away too?<br \/>\nDerya and G\u00fcl\u00e2y will laugh at us<br \/>\nRunning away is easy, destructive too \u2014 Off<\/span><\/span><\/p>\n<p class=\"western\"><span style=\"font-family: Sylfaen, serif\"><span style=\"font-size: large\">If I had a lamp, I\u2019d point it at you<br \/>\nTo see what\u2019s inside you<br \/>\nBut I have neither a lamp nor a magic wand<br \/>\nEven saying: \u201cDon\u2019t!\u201d is stepping on your toes<br \/>\nOy vey, man \u2013 Oy vey!<\/span><\/span><\/p>\n<p class=\"western\"><span style=\"font-family: Sylfaen, serif\"><span style=\"font-size: large\">Your departures, your escapes<br \/>\nYour complete disappearances<br \/>\nCut me to the quick<br \/>\nSo much that<br \/>\nI can\u2019t pull myself together<br \/>\nI can\u2019t look at my face<br \/>\nI don\u2019t even know who I am<br \/>\nTalk, man, talk to me - Oy vey!<\/span><\/span><\/p>\n<p class=\"western\"><span style=\"font-family: Sylfaen, serif\"><span style=\"font-size: large\">OFF<\/span><\/span><\/p>\n<p>&nbsp;<\/p>\n<p><em>Lyrics &amp; Music: Adir Jan<br \/>\nOriginal Language: Turkish<br \/>\nArrangement: Conny Kreuter, Adir Jan<br \/>\nTranslation: Jill Denton, Adir Jan<br \/>\n<\/em><\/p>\n<h4>Expectations lead to disappointment.<br \/>\nWhoever or whatever may come,<br \/>\nmay come.<\/h4>\n\t\t\t<\/div>\n\t\t<\/div>\n\t\t\t<div class=\"sow-tabs-panel\">\n\t\t\t<div\n\t\t\t\tclass=\"sow-tabs-panel-content\"\n\t\t\t\trole=\"tabpanel\"\n\t\t\t\taria-hidden=\"true\"\n\t\t\t>\n\t\t\t\t<p>Bin jeden Tag zur W\u00fcste,<br \/>\njeden verdammten Tag<br \/>\nDu warst nicht da, warst nah, nicht da<br \/>\nEin St\u00fcck Holz wurde ich,<br \/>\nverbrannt und zersetzt<br \/>\nKrepiert bin ich in jenem Traum<br \/>\nOff, Mann \u2013 off<\/p>\n<p>Geschwiegen hast du<br \/>\nPscht, pscht, und verschwunden<br \/>\nIch indes starb tausend Tode<br \/>\nUnd wurde bald Baum<br \/>\nBald K\u00f6ter der \u00d6dnis \u2013 off<\/p>\n<p>Ach, du Freiheit, weh dir Freiheit<br \/>\nGenug von dir, nichts als Gegeifer<br \/>\nWuterf\u00fcllt bin ich voller Wut<br \/>\nGenervt von dir und deinem Bluff<br \/>\n\u2013 \u00f6ff<\/p>\n<p>Was br\u00e4cht\u2019s denn, wenn auch ich noch fl\u00fcchtete<br \/>\nG\u00fcl\u00e2y und Derya lachten uns aus<br \/>\nFliehen ist leicht, doch fliehen zerst\u00f6rt<br \/>\nOff<\/p>\n<p>H\u00e4tt\u2019 ich eine Lampe, richtete ich sie auf dich<br \/>\nZu sehen, wie es in dir erscheint<br \/>\nDoch hab ich keine \u2013 noch hab ich einen Zauberstab<br \/>\nZu sagen: \u201eTu\u2019s nicht!\u201c, ist schon<br \/>\nein Vergehen<br \/>\nWeh, Mann, o weh<\/p>\n<p>Dein Wegrennen und dein Fliehen<br \/>\nDein g\u00e4nzlich ganz Verschwinden<br \/>\nBringt Wunden hervor in mir<br \/>\nDass ich nicht mehr zu mir finden kann<br \/>\nDass ich mir nicht mehr ins Gesicht blicken kann<br \/>\nDass ich mich nicht mehr h\u00f6ren kann<br \/>\nSprich, Mann, sprich mit mir \u2013<br \/>\nOFF<\/p>\n<p><em>Text &amp; Musik: Adir Jan<br \/>\nOriginalsprache: T\u00fcrkei-T\u00fcrkisch<br \/>\nArrangement: Conny Kreuter, Adir Jan<\/em><\/p>\n<h4>Erwartungen Hegen entt\u00e4uscht.<br \/>\nWer oder was kommen mag, kommt.<\/h4>\n\t\t\t<\/div>\n\t\t<\/div>\n\t\t<\/div>\n<\/div>\n<\/div><\/div><\/div><\/div><\/div>","protected":false},"excerpt":{"rendered":"<p>OFF OFF OFF Sahraya gittim, herg\u00fcn herg\u00fcn Sen yoktun, yak\u0131nd\u0131n, yoktun Odun oldum, pi\u015ftim bittim Geberdim ben o d\u00fc\u015fte Of be adam, off Sustun, pustun, hep kayboldun Bense \u00f6ld\u00fcm bin binlerce A\u011fa\u00e7 oldum,&#8230;<\/p>\n<p> <a class=\"continue-reading-link\" href=\"https:\/\/adirjan.com\/?page_id=409\"><span>Weiterlesen<\/span><i class=\"crycon-right-dir\"><\/i><\/a> <\/p>\n","protected":false},"author":1,"featured_media":0,"parent":0,"menu_order":0,"comment_status":"closed","ping_status":"closed","template":"","meta":{"footnotes":""},"class_list":["post-409","page","type-page","status-publish","hentry"],"_links":{"self":[{"href":"https:\/\/adirjan.com\/index.php?rest_route=\/wp\/v2\/pages\/409","targetHints":{"allow":["GET"]}}],"collection":[{"href":"https:\/\/adirjan.com\/index.php?rest_route=\/wp\/v2\/pages"}],"about":[{"href":"https:\/\/adirjan.com\/index.php?rest_route=\/wp\/v2\/types\/page"}],"author":[{"embeddable":true,"href":"https:\/\/adirjan.com\/index.php?rest_route=\/wp\/v2\/users\/1"}],"replies":[{"embeddable":true,"href":"https:\/\/adirjan.com\/index.php?rest_route=%2Fwp%2Fv2%2Fcomments&post=409"}],"version-history":[{"count":17,"href":"https:\/\/adirjan.com\/index.php?rest_route=\/wp\/v2\/pages\/409\/revisions"}],"predecessor-version":[{"id":927,"href":"https:\/\/adirjan.com\/index.php?rest_route=\/wp\/v2\/pages\/409\/revisions\/927"}],"wp:attachment":[{"href":"https:\/\/adirjan.com\/index.php?rest_route=%2Fwp%2Fv2%2Fmedia&parent=409"}],"curies":[{"name":"wp","href":"https:\/\/api.w.org\/{rel}","templated":true}]}}