{"id":405,"date":"2019-01-25T08:02:18","date_gmt":"2019-01-25T07:02:18","guid":{"rendered":"http:\/\/adirjan.com\/?page_id=405"},"modified":"2020-09-26T18:37:55","modified_gmt":"2020-09-26T16:37:55","slug":"janaki-mou","status":"publish","type":"page","link":"https:\/\/adirjan.com\/?page_id=405","title":{"rendered":"JANAK\u00ce MOU"},"content":{"rendered":"<div id=\"pl-405\"  class=\"panel-layout\" ><div id=\"pg-405-0\"  class=\"panel-grid panel-no-style\" ><div id=\"pgc-405-0-0\"  class=\"panel-grid-cell\" ><div id=\"panel-405-0-0-0\" class=\"so-panel widget widget_sow-tabs panel-first-child panel-last-child\" data-index=\"0\" ><div\n\t\t\t\n\t\t\tclass=\"so-widget-sow-tabs so-widget-sow-tabs-default-d0b495f2a30c-405\"\n\t\t\t\n\t\t><div class=\"sow-tabs\">\n\t<div class=\"sow-tabs-tab-container\" role=\"tablist\">\n\t\t\t<div\n\t\t\tclass=\"sow-tabs-tab\n\t\t\t sow-tabs-tab-selected\t\t\t\"\n\t\t\trole=\"tab\"\n\t\t\tdata-anchor-id=\"janaki-mou\"\n\t\t\taria-selected=\"true\"\n\t\t\ttabindex=\"0\"\n\t\t>\n\t\t\t<div class=\"sow-tabs-title sow-tabs-title-icon-left\">\n\t\t\t\t\t\t\t\tJANAK\u00ce MOU\t\t\t\t\t\t\t<\/div>\n\t\t<\/div>\n\t\t\t<div\n\t\t\tclass=\"sow-tabs-tab\n\t\t\t\t\t\t\"\n\t\t\trole=\"tab\"\n\t\t\tdata-anchor-id=\"janaki-mou\"\n\t\t\taria-selected=\"false\"\n\t\t\ttabindex=\"0\"\n\t\t>\n\t\t\t<div class=\"sow-tabs-title sow-tabs-title-icon-left\">\n\t\t\t\t\t\t\t\tJANAK\u00ce MOU\t\t\t\t\t\t\t<\/div>\n\t\t<\/div>\n\t\t\t<div\n\t\t\tclass=\"sow-tabs-tab\n\t\t\t\t\t\t\"\n\t\t\trole=\"tab\"\n\t\t\tdata-anchor-id=\"janaki-mou\"\n\t\t\taria-selected=\"false\"\n\t\t\ttabindex=\"0\"\n\t\t>\n\t\t\t<div class=\"sow-tabs-title sow-tabs-title-icon-left\">\n\t\t\t\t\t\t\t\tJANAK\u00ce MOU\t\t\t\t\t\t\t<\/div>\n\t\t<\/div>\n\t\t\t<div\n\t\t\tclass=\"sow-tabs-tab\n\t\t\t\t\t\t\"\n\t\t\trole=\"tab\"\n\t\t\tdata-anchor-id=\"janaki-mou\"\n\t\t\taria-selected=\"false\"\n\t\t\ttabindex=\"0\"\n\t\t>\n\t\t\t<div class=\"sow-tabs-title sow-tabs-title-icon-left\">\n\t\t\t\t\t\t\t\tJANAK\u00ce MOU\t\t\t\t\t\t\t<\/div>\n\t\t<\/div>\n\t\t<\/div>\n\n\t<div class=\"sow-tabs-panel-container\">\n\t\t\t<div class=\"sow-tabs-panel\">\n\t\t\t<div\n\t\t\t\tclass=\"sow-tabs-panel-content\"\n\t\t\t\trole=\"tabpanel\"\n\t\t\t\taria-hidden=\"false\"\n\t\t\t>\n\t\t\t\t<p>Janak\u00ee mou, \u00e7avre\u015f\u00ea mou<br \/>\nJanak\u00ee mou, o ponos mou<\/p>\n<p>Ay agap\u00ee mou<br \/>\nB\u00ea tu ni\u015fkenu<br \/>\nPnigome sta mattia sou<br \/>\nAy bre moro mou<\/p>\n<p>Janak\u00ee mou, ez mirenu<br \/>\nJanak\u00ee mou, derd gir\u00fbn o<\/p>\n<p>B\u00ea tu ez ni\u015fken<br \/>\nH\u00eawax, h\u00eawax<\/p>\n<p>Zerre mi tu\u2019r v\u00ea\u015feno<br \/>\nEz tu ra v\u00fbno v\u00fbno<br \/>\nC\u00eeger mi tu\u2019r v\u00ea\u015feno<br \/>\nEz tu ra v\u00fbno v\u00fbno<br \/>\nZerre mi\u2019d ca z\u00ee \u00e7inyo<br \/>\nH\u00eawax, h\u00eawax<\/p>\n<p><em>Lyrics &amp; Music: Adir Jan<br \/>\nLanguage: Zaza, Greek<br \/>\nArrangement: <\/em><em>Conny Kreuter, Dave Sills, Hasret T\u0131raz,<br \/>\nHogir G\u00f6regen, Adir Jan<\/em><\/p>\n<h4>Frustration is human. Letting go takes some skill.<br \/>\nTo go into retreat with your own self can be helpful.<br \/>\nYou are not alone.<\/h4>\n\t\t\t<\/div>\n\t\t<\/div>\n\t\t\t<div class=\"sow-tabs-panel\">\n\t\t\t<div\n\t\t\t\tclass=\"sow-tabs-panel-content\"\n\t\t\t\trole=\"tabpanel\"\n\t\t\t\taria-hidden=\"true\"\n\t\t\t>\n\t\t\t\t<p>Onyx-eyed Janak\u00ee,<br \/>\nJanak\u00ee mou, my heartache<\/p>\n<p>O without you, my lover,<br \/>\nI\u2019m paralysed<br \/>\nI\u2019m drowning in your eyes<br \/>\nO you, the one I long for<\/p>\n<p>Janak\u00ee mou, I\u2019m dying<br \/>\nJanak\u00ee, this cross is hard to bear<\/p>\n<p>Without you, my lover,<br \/>\nI\u2019m paralysed<br \/>\nO, woe is me<\/p>\n<p>My soul is aglow for you<br \/>\nFor you I sing<br \/>\nMy heart aches for you<br \/>\nAnd even to tell you this<br \/>\nHas taken up all the space in my heart<br \/>\nO woe is me<\/p>\n<p><em>Text &amp; Music: Adir Jan<br \/>\nOriginal Language: Zaza, Greek<br \/>\nArrangement:<\/em> <em> Conny Kreuter, Dave Sills, Hasret T\u0131raz,<br \/>\nHogir G\u00f6regen, Adir Jan <\/em><\/p>\n<p><em>Translation: Jill Denton<\/em><\/p>\n<h4>Frustration is human. Letting go takes some skill.<br \/>\nTo go into retreat with your own self can be helpful.<br \/>\nYou are not alone.<\/h4>\n\t\t\t<\/div>\n\t\t<\/div>\n\t\t\t<div class=\"sow-tabs-panel\">\n\t\t\t<div\n\t\t\t\tclass=\"sow-tabs-panel-content\"\n\t\t\t\trole=\"tabpanel\"\n\t\t\t\taria-hidden=\"true\"\n\t\t\t>\n\t\t\t\t<p>Onyxaugener Janak\u00ee<br \/>\nJanak\u00ee mou, mein Schmerz<\/p>\n<p>O du, mein Geliebter<br \/>\nKann nicht ohne dich<br \/>\nErtrinke in deinen Augen<br \/>\nO du, mein Ersehnter<\/p>\n<p>Janak\u00ee mou, ich sterbe<br \/>\nJanak\u00ee, schwer lastet \u2019s Kreuz<\/p>\n<p>Kann nicht<br \/>\nohne dich<br \/>\nO Weh<\/p>\n<p>Mein Inneres gl\u00fcht nach dir<br \/>\nF\u00fcr dich singe ich<br \/>\nF\u00fcr dich brennt mein Herz<br \/>\nDir erz\u00e4hle ich\u2019s<br \/>\nRaumlos in meinem Herzen<br \/>\nO Weh<\/p>\n<p><em>Text &amp; Musik: Adir Jan<br \/>\nOriginalsprache: Zaza, Griechisch<br \/>\nArrangement:<\/em><em> Conny Kreuter, Dave Sills, Hasret T\u0131raz,<br \/>\nHogir G\u00f6regen, Adir Jan<\/em><\/p>\n<h4>Frust ist menschlich, Loslassen gekonnt \u2013<br \/>\nKlausur mit dir kann helfen.<br \/>\nDu bist nicht allein.<\/h4>\n\t\t\t<\/div>\n\t\t<\/div>\n\t\t\t<div class=\"sow-tabs-panel\">\n\t\t\t<div\n\t\t\t\tclass=\"sow-tabs-panel-content\"\n\t\t\t\trole=\"tabpanel\"\n\t\t\t\taria-hidden=\"true\"\n\t\t\t>\n\t\t\t\t<p style=\"font-weight: 400\">Janak\u00ee mou, k\u00f6m\u00fcr g\u00f6zl\u00fcm<br \/>\nJanak\u00ee mou, ac\u0131m benim<\/p>\n<p style=\"font-weight: 400\">Ah, a\u015fk\u0131m benim<br \/>\nSensiz yapam\u0131yorum<br \/>\nG\u00f6zlerinde bo\u011fuluyorum<br \/>\nAh, bebe\u011fim benim<\/p>\n<p style=\"font-weight: 400\">Janak\u00ee mou, \u00f6l\u00fcyorum<br \/>\nJanak\u00ee mou, a\u011f\u0131rd\u0131r derdim<br \/>\nA\u015fk\u0131m, \u00f6l\u00fcyorum ben<br \/>\nSensiz yapam\u0131yorum<br \/>\nEyvah eyvah!<\/p>\n<p style=\"font-weight: 400\">\u0130\u00e7im senin i\u00e7in yan\u0131yor<br \/>\nSenin i\u00e7in s\u00f6yl\u00fcyorum<br \/>\nCi\u011ferim senin i\u00e7in yan\u0131yor<br \/>\nSenin i\u00e7in s\u00f6yl\u00fcyorum<br \/>\n\u0130\u00e7erimde yanacak yer kalmad\u0131<br \/>\nEyvah eyvah!<\/p>\n<p style=\"font-weight: 400\"><em>S\u00f6z, M\u00fczik: Adir Jan<\/em><br \/>\n<em>Orijinal Dili: Zazaca, Yunanca<\/em><br \/>\n<em>Aranjman: Conny Kreuter, Dave Sills, Hasret T\u0131raz, Hogir G\u00f6regen, Adir Jan<br \/>\n\u00c7eviri : Koray Y\u0131lmaz-G\u00fcnay, Adir Jan<br \/>\n<\/em><\/p>\n<p style=\"font-weight: 400\">\n<h4 style=\"font-weight: 400\"><strong>H\u00fcsran ve \u00e7aresizlik duygusu insan\u00eedir. Tevekk\u00fcl irade ister. \u0130nzivaya \u00e7ekilmek g\u00fc\u00e7 verebilir. Yaln\u0131z de\u011filsin<\/strong>.<\/h4><\/p>\n\t\t\t<\/div>\n\t\t<\/div>\n\t\t<\/div>\n<\/div>\n<\/div><\/div><\/div><\/div><\/div>","protected":false},"excerpt":{"rendered":"<p>JANAK\u00ce MOU JANAK\u00ce MOU JANAK\u00ce MOU JANAK\u00ce MOU Janak\u00ee mou, \u00e7avre\u015f\u00ea mou Janak\u00ee mou, o ponos mou Ay agap\u00ee mou B\u00ea tu ni\u015fkenu Pnigome sta mattia sou Ay bre moro mou Janak\u00ee mou, ez mirenu Janak\u00ee mou, derd gir&#8230;<\/p>\n<p> <a class=\"continue-reading-link\" href=\"https:\/\/adirjan.com\/?page_id=405\"><span>Weiterlesen<\/span><i class=\"crycon-right-dir\"><\/i><\/a> <\/p>\n","protected":false},"author":1,"featured_media":0,"parent":0,"menu_order":0,"comment_status":"closed","ping_status":"closed","template":"","meta":{"footnotes":""},"class_list":["post-405","page","type-page","status-publish","hentry"],"_links":{"self":[{"href":"https:\/\/adirjan.com\/index.php?rest_route=\/wp\/v2\/pages\/405","targetHints":{"allow":["GET"]}}],"collection":[{"href":"https:\/\/adirjan.com\/index.php?rest_route=\/wp\/v2\/pages"}],"about":[{"href":"https:\/\/adirjan.com\/index.php?rest_route=\/wp\/v2\/types\/page"}],"author":[{"embeddable":true,"href":"https:\/\/adirjan.com\/index.php?rest_route=\/wp\/v2\/users\/1"}],"replies":[{"embeddable":true,"href":"https:\/\/adirjan.com\/index.php?rest_route=%2Fwp%2Fv2%2Fcomments&post=405"}],"version-history":[{"count":11,"href":"https:\/\/adirjan.com\/index.php?rest_route=\/wp\/v2\/pages\/405\/revisions"}],"predecessor-version":[{"id":748,"href":"https:\/\/adirjan.com\/index.php?rest_route=\/wp\/v2\/pages\/405\/revisions\/748"}],"wp:attachment":[{"href":"https:\/\/adirjan.com\/index.php?rest_route=%2Fwp%2Fv2%2Fmedia&parent=405"}],"curies":[{"name":"wp","href":"https:\/\/api.w.org\/{rel}","templated":true}]}}