{"id":401,"date":"2019-01-25T07:57:49","date_gmt":"2019-01-25T06:57:49","guid":{"rendered":"http:\/\/adirjan.com\/?page_id=401"},"modified":"2020-09-26T18:41:08","modified_gmt":"2020-09-26T16:41:08","slug":"seva-sor-the-red-apple","status":"publish","type":"page","link":"https:\/\/adirjan.com\/?page_id=401","title":{"rendered":"S\u00caVA SOR (The Red Apple)"},"content":{"rendered":"<div id=\"pl-401\"  class=\"panel-layout\" ><div id=\"pg-401-0\"  class=\"panel-grid panel-no-style\" ><div id=\"pgc-401-0-0\"  class=\"panel-grid-cell\" ><div id=\"panel-401-0-0-0\" class=\"so-panel widget widget_sow-tabs panel-first-child panel-last-child\" data-index=\"0\" ><div\n\t\t\t\n\t\t\tclass=\"so-widget-sow-tabs so-widget-sow-tabs-default-d0b495f2a30c-401\"\n\t\t\t\n\t\t><div class=\"sow-tabs\">\n\t<div class=\"sow-tabs-tab-container\" role=\"tablist\">\n\t\t\t<div\n\t\t\tclass=\"sow-tabs-tab\n\t\t\t sow-tabs-tab-selected\t\t\t\"\n\t\t\trole=\"tab\"\n\t\t\tdata-anchor-id=\"seva-sor\"\n\t\t\taria-selected=\"true\"\n\t\t\ttabindex=\"0\"\n\t\t>\n\t\t\t<div class=\"sow-tabs-title sow-tabs-title-icon-left\">\n\t\t\t\t\t\t\t\tS\u00caVA SOR\t\t\t\t\t\t\t<\/div>\n\t\t<\/div>\n\t\t\t<div\n\t\t\tclass=\"sow-tabs-tab\n\t\t\t\t\t\t\"\n\t\t\trole=\"tab\"\n\t\t\tdata-anchor-id=\"the-red-apple\"\n\t\t\taria-selected=\"false\"\n\t\t\ttabindex=\"0\"\n\t\t>\n\t\t\t<div class=\"sow-tabs-title sow-tabs-title-icon-left\">\n\t\t\t\t\t\t\t\tTHE RED APPLE\t\t\t\t\t\t\t<\/div>\n\t\t<\/div>\n\t\t\t<div\n\t\t\tclass=\"sow-tabs-tab\n\t\t\t\t\t\t\"\n\t\t\trole=\"tab\"\n\t\t\tdata-anchor-id=\"der-rote-apfel\"\n\t\t\taria-selected=\"false\"\n\t\t\ttabindex=\"0\"\n\t\t>\n\t\t\t<div class=\"sow-tabs-title sow-tabs-title-icon-left\">\n\t\t\t\t\t\t\t\tDER ROTE APFEL\t\t\t\t\t\t\t<\/div>\n\t\t<\/div>\n\t\t\t<div\n\t\t\tclass=\"sow-tabs-tab\n\t\t\t\t\t\t\"\n\t\t\trole=\"tab\"\n\t\t\tdata-anchor-id=\"kirmizi-elma\"\n\t\t\taria-selected=\"false\"\n\t\t\ttabindex=\"0\"\n\t\t>\n\t\t\t<div class=\"sow-tabs-title sow-tabs-title-icon-left\">\n\t\t\t\t\t\t\t\tKIRMIZI ELMA\t\t\t\t\t\t\t<\/div>\n\t\t<\/div>\n\t\t<\/div>\n\n\t<div class=\"sow-tabs-panel-container\">\n\t\t\t<div class=\"sow-tabs-panel\">\n\t\t\t<div\n\t\t\t\tclass=\"sow-tabs-panel-content\"\n\t\t\t\trole=\"tabpanel\"\n\t\t\t\taria-hidden=\"false\"\n\t\t\t>\n\t\t\t\t<p>Wext\u00ea Newroz\u00ea \u00e7\u00fbm seyran\u00ea<br \/>\nMin darek\u00ea d\u00eet, dara s\u00eav\u00ea<br \/>\nMin xwest j\u00ea bikim s\u00eava sor\u00ea<br \/>\nL\u00ea, guliy\u00ean dar\u00ea zaf d\u00fbr b\u00fbne<\/p>\n<p>Bi gavek\u00ea da xortek hat\u00ee<br \/>\nJi bo min s\u00eava sor\u00ea an\u00ee<\/p>\n<p>Min go: Xorto, ma tu k\u00ee y\u00ee?<br \/>\nDigo: Lo lo, min nizan\u00ee?<br \/>\nMin go: Were, te ram\u00fbsim!<br \/>\nDigo: Nabe, bi nam\u00fbs im!<\/p>\n<p>\u015eev tar\u00ee b\u00fb, dil bir\u00een b\u00fb<br \/>\nDengek\u00ee \u015f\u00eer\u00een hatib\u00fb<\/p>\n<p>Wa, bilbil ji min xuya ye<br \/>\nBi deng\u00ea xwe y\u00ea \u015f\u00eer\u00een dixw\u00eene<\/p>\n<p>Ez sef\u00eer\u00ea ram\u00fbsan im<br \/>\nZiman\u00ea ev\u00eendaran im<br \/>\nBireve, ser \u00e7iy\u00ea derbikeve<br \/>\nDilket\u00ee li benda te ye<\/p>\n<p>Li ser \u00e7iyay\u00ea agir heb\u00fb<br \/>\nDest\u00ea xort\u00ea da s\u00eavek\u00ea sor b\u00fb<\/p>\n<p>Min go: Xorto, ma tu k\u00ee y\u00ee?<br \/>\nDigo: Lo lo, min nizan\u00ee?<br \/>\nMin go: Were, te ram\u00fbsim!<br \/>\nDigo: Ber\u00ea, ez ram\u00fbsim!<\/p>\n<p><em>Lyrics &amp; Music: Adir Jan<br \/>\nLanguage: Kurmanc\u00ee<br \/>\nArrangement:\u00a0<\/em><i>Dave Sills, Conny Kreuter, Hogir G\u00f6regen, Adir Jan<\/i><\/p>\n<h4>You can speak with animals and understand the whole.<br \/>\nLanguage is one. Go with that.<\/h4>\n\t\t\t<\/div>\n\t\t<\/div>\n\t\t\t<div class=\"sow-tabs-panel\">\n\t\t\t<div\n\t\t\t\tclass=\"sow-tabs-panel-content\"\n\t\t\t\trole=\"tabpanel\"\n\t\t\t\taria-hidden=\"true\"\n\t\t\t>\n\t\t\t\t<p>It was at Newroz that I took off<br \/>\nAnd came across an apple tree<br \/>\nI hoped to pick the red apple<br \/>\nBut the branches were out of my reach<\/p>\n<p>Then along came a youngster<br \/>\nand handed it to me<\/p>\n<p>Who are you, my lad? I asked, astonished<br \/>\nMensch, he said,<br \/>\nDon\u2019t you know me?<br \/>\nCome on, let me kiss you! I said<br \/>\nYou can\u2019t do that, he said<br \/>\nI\u2019m chaste!<\/p>\n<p>The night grew pitch dark, my heart became an open wound,<br \/>\nand then came a sweet voice<\/p>\n<p>It\u2019s a nightingale that appears to me<br \/>\nAnd announces in its sweet voice:<br \/>\nI am the ambassador of kisses<br \/>\nI am the lovers\u2019 tongue<br \/>\nBe off, my dear, off up the mountain<br \/>\nYour lover is longing to see you<\/p>\n<p>A fire was burning at the summit of summits<br \/>\nA red apple in the youngster\u2019s hand.<\/p>\n<p>Who are you, my lad? I asked, astonished<br \/>\nMensch, he said<br \/>\nDon\u2019t you know me?<br \/>\nCome on, let me kiss you! said I<br \/>\nFirst of all, said he<br \/>\nI will kiss you!<\/p>\n<p><em>Lyrics &amp; Music: Adir Jan<br \/>\nOriginal Language: Kurmanc\u00ee-Kurdish<br \/>\nArrangement:<\/em> <i>Dave Sills, Conny Kreuter, Hogir G\u00f6regen, Adir Jan<br \/>\nTranslation: Jill Denton\u00a0<\/i><\/p>\n<p>&nbsp;<\/p>\n<h4>You can speak with animals and understand the whole.<br \/>\nLanguage is one. Go with that.<\/h4>\n\t\t\t<\/div>\n\t\t<\/div>\n\t\t\t<div class=\"sow-tabs-panel\">\n\t\t\t<div\n\t\t\t\tclass=\"sow-tabs-panel-content\"\n\t\t\t\trole=\"tabpanel\"\n\t\t\t\taria-hidden=\"true\"\n\t\t\t>\n\t\t\t\t<p>Es ward an Newroz, da ich flog aus<br \/>\nUnd auf \u2019nen Apfelbaume traf<br \/>\nEntnehmen wollt ich ihm den Roten<br \/>\nDoch war ich fern des Baumes Zweigen<\/p>\n<p>Da kam ein J\u00fcngling und reichte ihn mir<\/p>\n<p>J\u00fcngling, wer bist du nur? \u2013 staunte ich<br \/>\nMensch \u2013 sagte er<br \/>\nKennst\u2019 mich denn nicht?<br \/>\nKomm, lass mich dich k\u00fcssen! \u2013 sagt\u2019 ich<br \/>\nIch bin z\u00fcchtig! \u2013 sagt\u2019 er<br \/>\nDas geht nicht!<\/p>\n<p>Es ward schwarze Nacht, das Herz eine Wunde<br \/>\nDa eine s\u00fc\u00dflich\u2019 Stimme ert\u00f6nt<\/p>\n<p>Die Nachtigall ist\u2019s, die mir erscheint<br \/>\nMit ihrer s\u00fc\u00dflich\u2019 Stimme erklingt<\/p>\n<p>Gesandte bin ich der K\u00fcsse<br \/>\nDer Liebenden bin ich die Zunge<br \/>\nHinauf mit dir, hinauf auf den Berg<br \/>\nVom Liebenden wirst du sehnlichst ersehnt<\/p>\n<p>Ein Feuer brannte am Gipfel des Gipfels<br \/>\nEin roter Apfel in der Hand des J\u00fcnglings<\/p>\n<p>J\u00fcngling, wer bist du nur? \u2013 staunte ich<br \/>\nMensch \u2013 sagte er<br \/>\nKennst\u2019 mich denn nicht?<br \/>\nKomm, lass mich dich k\u00fcssen! \u2013 sagt\u2019 ich<br \/>\nZuallererst \u2013 sagt\u2019 er \u2013<br \/>\nK\u00fcss\u2019 ich dich!<\/p>\n<p><em>Text &amp; Musik: Adir Jan<br \/>\nOriginalsprache: Kurmanc\u00ee<br \/>\nArrangement:<\/em> <i>Dave Sills, Conny Kreuter, Hogir G\u00f6regen, Adir Jan<\/i><\/p>\n<h4>Du kannst mit Tieren sprechen und<br \/>\ndas Ganze verstehen.<br \/>\nSprache ist eins.<br \/>\nGeh mit.<\/h4>\n\t\t\t<\/div>\n\t\t<\/div>\n\t\t\t<div class=\"sow-tabs-panel\">\n\t\t\t<div\n\t\t\t\tclass=\"sow-tabs-panel-content\"\n\t\t\t\trole=\"tabpanel\"\n\t\t\t\taria-hidden=\"true\"\n\t\t\t>\n\t\t\t\t<p style=\"font-weight: 400\">Newroz vakti gittim seyrana<br \/>\nBir elma a\u011fac\u0131 g\u00f6rd\u00fcm<br \/>\nUzanmak istedim, k\u0131rm\u0131z\u0131s\u0131na<br \/>\nAma \u00e7ok uzakt\u0131 dallar bana<\/p>\n<p style=\"font-weight: 400\">O an,\u00a0gen\u00e7 bir o\u011flan geldi,<br \/>\nVerdi o elmay\u0131 bana<\/p>\n<p style=\"font-weight: 400\">Dedim: Gen\u00e7 o\u011flan, kimsin sen?<br \/>\nDedi:\u00a0Be hey, bilmez misin beni sen?<br \/>\nDedim: Gel seni \u00f6peyim!<br \/>\nDedi: Olmaz, namusluyum ben!<\/p>\n<p style=\"font-weight: 400\">Gece a\u011f\u0131rd\u0131, kalbim\u00a0yara oldu<br \/>\nO anda, tatl\u0131 bir sesi geldi<\/p>\n<p style=\"font-weight: 400\">Vay, b\u00fclb\u00fcld\u00fcr bana g\u00f6r\u00fcnen<br \/>\nKendine \u00f6zg\u00fc o tatl\u0131 sesiyle \u00f6ten<\/p>\n<p style=\"font-weight: 400\">El\u00e7isiyim ben \u00f6p\u00fcc\u00fcklerin<br \/>\nSevgililerin dili<br \/>\nHadi ko\u015f, \u00e7\u0131k o da\u011f\u0131n tepesine<br \/>\nSevenin orada bekliyor seni<\/p>\n<p style=\"font-weight: 400\">Da\u011f\u0131n\u00a0tepesinde ate\u015f vard\u0131<br \/>\nO\u011flan\u0131n elinde ise k\u0131rm\u0131z\u0131 elma<\/p>\n<p style=\"font-weight: 400\">Dedim: Gen\u00e7 o\u011flan, kimsin sen?<br \/>\nDedi:\u00a0Be hey, bilmez misin beni sen?<br \/>\nDedim: Gel seni \u00f6peyim!<br \/>\nDedi: \u00d6nce ben \u00f6pece\u011fim!<\/p>\n<p style=\"font-weight: 400\"><i>S\u00f6z, M\u00fczik: Adir Jan<\/i><br \/>\n<i>Aranjman: Dave Sills, Conny Kreuter, Hogir G\u00f6regen, Adir Jan<br \/>\nOrijinal Dili: Kurmanc\u00ee<\/i><br \/>\n<i>\u00c7eviri : Koray Y\u0131lmaz-G\u00fcnay, Adir Jan<br \/>\n<\/i><\/p>\n<h4 style=\"font-weight: 400\"><strong>Hayvanlarla konu\u015fabilir, evreni anlayabilirsin. Dil, birdir. Dahiliyetini hisset.<\/strong><\/h4>\n\t\t\t<\/div>\n\t\t<\/div>\n\t\t<\/div>\n<\/div>\n<\/div><\/div><\/div><\/div><\/div>","protected":false},"excerpt":{"rendered":"<p>S\u00caVA SOR THE RED APPLE DER ROTE APFEL KIRMIZI ELMA Wext\u00ea Newroz\u00ea \u00e7\u00fbm seyran\u00ea Min darek\u00ea d\u00eet, dara s\u00eav\u00ea Min xwest j\u00ea bikim s\u00eava sor\u00ea L\u00ea, guliy\u00ean dar\u00ea zaf d\u00fbr b\u00fbne Bi gavek\u00ea da xortek hat\u00ee Ji bo min s\u00eav&#8230;<\/p>\n<p> <a class=\"continue-reading-link\" href=\"https:\/\/adirjan.com\/?page_id=401\"><span>Weiterlesen<\/span><i class=\"crycon-right-dir\"><\/i><\/a> <\/p>\n","protected":false},"author":1,"featured_media":0,"parent":0,"menu_order":0,"comment_status":"closed","ping_status":"closed","template":"","meta":{"footnotes":""},"class_list":["post-401","page","type-page","status-publish","hentry"],"_links":{"self":[{"href":"https:\/\/adirjan.com\/index.php?rest_route=\/wp\/v2\/pages\/401","targetHints":{"allow":["GET"]}}],"collection":[{"href":"https:\/\/adirjan.com\/index.php?rest_route=\/wp\/v2\/pages"}],"about":[{"href":"https:\/\/adirjan.com\/index.php?rest_route=\/wp\/v2\/types\/page"}],"author":[{"embeddable":true,"href":"https:\/\/adirjan.com\/index.php?rest_route=\/wp\/v2\/users\/1"}],"replies":[{"embeddable":true,"href":"https:\/\/adirjan.com\/index.php?rest_route=%2Fwp%2Fv2%2Fcomments&post=401"}],"version-history":[{"count":9,"href":"https:\/\/adirjan.com\/index.php?rest_route=\/wp\/v2\/pages\/401\/revisions"}],"predecessor-version":[{"id":753,"href":"https:\/\/adirjan.com\/index.php?rest_route=\/wp\/v2\/pages\/401\/revisions\/753"}],"wp:attachment":[{"href":"https:\/\/adirjan.com\/index.php?rest_route=%2Fwp%2Fv2%2Fmedia&parent=401"}],"curies":[{"name":"wp","href":"https:\/\/api.w.org\/{rel}","templated":true}]}}