{"id":393,"date":"2019-01-25T07:52:21","date_gmt":"2019-01-25T06:52:21","guid":{"rendered":"http:\/\/adirjan.com\/?page_id=393"},"modified":"2020-09-26T18:44:34","modified_gmt":"2020-09-26T16:44:34","slug":"na","status":"publish","type":"page","link":"https:\/\/adirjan.com\/?page_id=393","title":{"rendered":"NA (No)"},"content":{"rendered":"<div id=\"pl-393\"  class=\"panel-layout\" ><div id=\"pg-393-0\"  class=\"panel-grid panel-no-style\" ><div id=\"pgc-393-0-0\"  class=\"panel-grid-cell\" ><div id=\"panel-393-0-0-0\" class=\"so-panel widget widget_sow-tabs panel-first-child panel-last-child\" data-index=\"0\" ><div\n\t\t\t\n\t\t\tclass=\"so-widget-sow-tabs so-widget-sow-tabs-default-d0b495f2a30c-393\"\n\t\t\t\n\t\t><div class=\"sow-tabs\">\n\t<div class=\"sow-tabs-tab-container\" role=\"tablist\">\n\t\t\t<div\n\t\t\tclass=\"sow-tabs-tab\n\t\t\t sow-tabs-tab-selected\t\t\t\"\n\t\t\trole=\"tab\"\n\t\t\tdata-anchor-id=\"na\"\n\t\t\taria-selected=\"true\"\n\t\t\ttabindex=\"0\"\n\t\t>\n\t\t\t<div class=\"sow-tabs-title sow-tabs-title-icon-left\">\n\t\t\t\t\t\t\t\tNA\t\t\t\t\t\t\t<\/div>\n\t\t<\/div>\n\t\t\t<div\n\t\t\tclass=\"sow-tabs-tab\n\t\t\t\t\t\t\"\n\t\t\trole=\"tab\"\n\t\t\tdata-anchor-id=\"no\"\n\t\t\taria-selected=\"false\"\n\t\t\ttabindex=\"0\"\n\t\t>\n\t\t\t<div class=\"sow-tabs-title sow-tabs-title-icon-left\">\n\t\t\t\t\t\t\t\tNO\t\t\t\t\t\t\t<\/div>\n\t\t<\/div>\n\t\t\t<div\n\t\t\tclass=\"sow-tabs-tab\n\t\t\t\t\t\t\"\n\t\t\trole=\"tab\"\n\t\t\tdata-anchor-id=\"nein\"\n\t\t\taria-selected=\"false\"\n\t\t\ttabindex=\"0\"\n\t\t>\n\t\t\t<div class=\"sow-tabs-title sow-tabs-title-icon-left\">\n\t\t\t\t\t\t\t\tNEIN\t\t\t\t\t\t\t<\/div>\n\t\t<\/div>\n\t\t<\/div>\n\n\t<div class=\"sow-tabs-panel-container\">\n\t\t\t<div class=\"sow-tabs-panel\">\n\t\t\t<div\n\t\t\t\tclass=\"sow-tabs-panel-content\"\n\t\t\t\trole=\"tabpanel\"\n\t\t\t\taria-hidden=\"false\"\n\t\t\t>\n\t\t\t\t<p>Zarokek bi heft sal\u00ee<br \/>\nTicawuz kirin<br \/>\nFed\u00ee nakin, \u015ferm nakin<br \/>\nZilm \u00fb zor didin<\/p>\n<p>Bizanin zarokno, bizanin<br \/>\nS\u00fbca we n\u00eene<br \/>\nNabe dinyano, nabe<br \/>\nMalbat b\u00ea deng in<\/p>\n<p>Jan, jan, dil\u00ea\u2019m bi jan e<\/p>\n<p>Na, na, na, na<br \/>\nEz ji te ra b\u00eajim na<br \/>\nZarok im \u00fb b\u00eajim na<br \/>\nCana min a, b\u00eajim na<br \/>\nBeden min a, b\u00eajim na<br \/>\nRuh\u00ea min a, b\u00eajim na<br \/>\nEz ez im \u00fb b\u00eajim na<br \/>\nEz ji we ra b\u00eajim na<br \/>\nNA!<\/p>\n<p><em>Lyrics &amp; Music: Adir Jan<br \/>\nLanguage: Kurmanc\u00ee<br \/>\n<\/em><\/p>\n<h4>Whatever happens to you, your soul is pure.<br \/>\nAnd always will be.<\/h4>\n\t\t\t<\/div>\n\t\t<\/div>\n\t\t\t<div class=\"sow-tabs-panel\">\n\t\t\t<div\n\t\t\t\tclass=\"sow-tabs-panel-content\"\n\t\t\t\trole=\"tabpanel\"\n\t\t\t\taria-hidden=\"true\"\n\t\t\t>\n\t\t\t\t<p>A seven-year-old child<br \/>\nThey raped it<br \/>\nYet they show neither shame<br \/>\nNor remorse<br \/>\nThey only inflict violence.<\/p>\n<p>It is not your fault, children.<br \/>\nNever forget that.<br \/>\nNo way, world! You cannot get away with this.<br \/>\nSo many families keep [it] quiet.<\/p>\n<p>Pain, pain, my heart is full of burning pain.<\/p>\n<p>No, no, no, no!<br \/>\n\u201cNo\u201d, I\u2019m telling you, \u201cNo means No\u201d<br \/>\nI\u2019m a child, and I say \u201cNo means No\u201d<br \/>\nIt\u2019s my life, and I say \u201cNo means No\u201d<br \/>\nIt\u2019s my body, and I say \u201cNo means No\u201d<br \/>\nIt\u2019s my soul, and I say \u201c\u201cNo means No\u201d<br \/>\nThis is me, and I\u2019m saying \u201cNo means No\u201d<br \/>\nI say \u201cNo!\u201d<br \/>\nI say \u201cNo\u201d \u2014 once and for all!<br \/>\nNO!<\/p>\n<p><em>Lyrics &amp; Music: Adir Jan<br \/>\nOriginal Language: Kurmanc\u00ee-Kurdish<br \/>\nTranslation: Jill Denton<br \/>\n<\/em><\/p>\n<p>&nbsp;<\/p>\n<h4>Whatever happens to you, your soul is pure.<br \/>\nAnd always will be.<\/h4>\n\t\t\t<\/div>\n\t\t<\/div>\n\t\t\t<div class=\"sow-tabs-panel\">\n\t\t\t<div\n\t\t\t\tclass=\"sow-tabs-panel-content\"\n\t\t\t\trole=\"tabpanel\"\n\t\t\t\taria-hidden=\"true\"\n\t\t\t>\n\t\t\t\t<p>Ein Kind von sieben Jahren<br \/>\nSie haben\u2019s vergewaltigt<br \/>\nSch\u00e4men sich weder<br \/>\nNoch zeigen sie Reue<br \/>\nUnd tun Gewalt antun<\/p>\n<p>Wisset, o Kinder, so wisset<br \/>\nEs ist nicht eure Schuld<br \/>\nSo nicht, o Welt, so nicht<br \/>\nSo viele Familien [ver-]schweigen[\u2019s]<\/p>\n<p>Schmerz, Schmerz, mein Herz<br \/>\nBrennt mir voll Schmerz<\/p>\n<p>Nein, nein, nein, nein<br \/>\n\u201eNein\u201c sage ich zu dir, sag\u2019 \u201enein\u201c<br \/>\nBin ein Kind und sage \u201enein\u201c<br \/>\nIst mein Leben, sage \u201enein\u201c<br \/>\nIst mein K\u00f6rper, sage \u201enein\u201c<br \/>\nMeine Seele ist\u2019s, sag\u2019 \u201enein\u201c<br \/>\nIch bin ich und sage \u201enein\u201c<br \/>\nSage \u201enein\u201c zu euch, \u201enein\u201c<br \/>\nNEIN!<\/p>\n<p><em>Text &amp; Musik: Adir Jan<br \/>\nOriginalsprache: Kurmanc\u00ee<br \/>\n<\/em><\/p>\n<p>&nbsp;<\/p>\n<h4>Gleich was dir geschieht, deine Seele ist rein.<br \/>\nUnd sie bleibt es.<\/h4>\n\t\t\t<\/div>\n\t\t<\/div>\n\t\t<\/div>\n<\/div>\n<\/div><\/div><\/div><\/div><\/div>","protected":false},"excerpt":{"rendered":"<p>NA NO NEIN Zarokek bi heft sal\u00ee Ticawuz kirin Fed\u00ee nakin, \u015ferm nakin Zilm \u00fb zor didin Bizanin zarokno, bizanin S\u00fbca we n\u00eene Nabe dinyano, nabe Malbat b\u00ea deng in Jan, jan, dil\u00ea\u2019m bi jan e Na, na, na, n&#8230;<\/p>\n<p> <a class=\"continue-reading-link\" href=\"https:\/\/adirjan.com\/?page_id=393\"><span>Weiterlesen<\/span><i class=\"crycon-right-dir\"><\/i><\/a> <\/p>\n","protected":false},"author":1,"featured_media":0,"parent":0,"menu_order":0,"comment_status":"closed","ping_status":"closed","template":"","meta":{"footnotes":""},"class_list":["post-393","page","type-page","status-publish","hentry"],"_links":{"self":[{"href":"https:\/\/adirjan.com\/index.php?rest_route=\/wp\/v2\/pages\/393","targetHints":{"allow":["GET"]}}],"collection":[{"href":"https:\/\/adirjan.com\/index.php?rest_route=\/wp\/v2\/pages"}],"about":[{"href":"https:\/\/adirjan.com\/index.php?rest_route=\/wp\/v2\/types\/page"}],"author":[{"embeddable":true,"href":"https:\/\/adirjan.com\/index.php?rest_route=\/wp\/v2\/users\/1"}],"replies":[{"embeddable":true,"href":"https:\/\/adirjan.com\/index.php?rest_route=%2Fwp%2Fv2%2Fcomments&post=393"}],"version-history":[{"count":12,"href":"https:\/\/adirjan.com\/index.php?rest_route=\/wp\/v2\/pages\/393\/revisions"}],"predecessor-version":[{"id":758,"href":"https:\/\/adirjan.com\/index.php?rest_route=\/wp\/v2\/pages\/393\/revisions\/758"}],"wp:attachment":[{"href":"https:\/\/adirjan.com\/index.php?rest_route=%2Fwp%2Fv2%2Fmedia&parent=393"}],"curies":[{"name":"wp","href":"https:\/\/api.w.org\/{rel}","templated":true}]}}