{"id":322,"date":"2019-01-20T16:43:47","date_gmt":"2019-01-20T15:43:47","guid":{"rendered":"http:\/\/adirjan.com\/wordpress2\/?page_id=322"},"modified":"2025-01-19T00:27:14","modified_gmt":"2025-01-18T23:27:14","slug":"yasmina","status":"publish","type":"page","link":"https:\/\/adirjan.com\/?page_id=322","title":{"rendered":"Yasm\u00eena"},"content":{"rendered":"<div id=\"pl-322\"  class=\"panel-layout\" ><div id=\"pg-322-0\"  class=\"panel-grid panel-no-style\" ><div id=\"pgc-322-0-0\"  class=\"panel-grid-cell\" ><div id=\"panel-322-0-0-0\" class=\"so-panel widget widget_sow-tabs panel-first-child panel-last-child\" data-index=\"0\" ><div\n\t\t\t\n\t\t\tclass=\"so-widget-sow-tabs so-widget-sow-tabs-default-d0b495f2a30c-322\"\n\t\t\t\n\t\t><div class=\"sow-tabs\">\n\t<div class=\"sow-tabs-tab-container\" role=\"tablist\">\n\t\t\t<div\n\t\t\tclass=\"sow-tabs-tab\n\t\t\t sow-tabs-tab-selected\t\t\t\"\n\t\t\trole=\"tab\"\n\t\t\tdata-anchor-id=\"yasmina\"\n\t\t\taria-selected=\"true\"\n\t\t\ttabindex=\"0\"\n\t\t>\n\t\t\t<div class=\"sow-tabs-title sow-tabs-title-icon-left\">\n\t\t\t\t\t\t\t\tYasm\u00eena\t\t\t\t\t\t\t<\/div>\n\t\t<\/div>\n\t\t\t<div\n\t\t\tclass=\"sow-tabs-tab\n\t\t\t\t\t\t\"\n\t\t\trole=\"tab\"\n\t\t\tdata-anchor-id=\"yasmina\"\n\t\t\taria-selected=\"false\"\n\t\t\ttabindex=\"0\"\n\t\t>\n\t\t\t<div class=\"sow-tabs-title sow-tabs-title-icon-left\">\n\t\t\t\t\t\t\t\tYasm\u00eena\t\t\t\t\t\t\t<\/div>\n\t\t<\/div>\n\t\t<\/div>\n\n\t<div class=\"sow-tabs-panel-container\">\n\t\t\t<div class=\"sow-tabs-panel\">\n\t\t\t<div\n\t\t\t\tclass=\"sow-tabs-panel-content\"\n\t\t\t\trole=\"tabpanel\"\n\t\t\t\taria-hidden=\"false\"\n\t\t\t>\n\t\t\t\t<p>Were mal\u00ea n\u00eev\u00ea \u015fev\u00ea<br \/>\nBenda te me, xewa\u2019m naye<br \/>\nMin \u015fer nev\u00eat were hem\u00eaz\u00ea<\/p>\n<p>Ku dest bidim te b\u00ea h\u00eaz\u00ea<br \/>\nKu dest bav\u00eajim b\u00ea h\u00eaz\u00ea<br \/>\nKu te ma\u00e7 bikim b\u00ea h\u00eaz\u00ea<br \/>\nKu te bist\u00eenim b\u00ea h\u00eaz\u00ea<\/p>\n<p>Ax Yasm\u00eena girtiy\u00ee xew\u00ea<br \/>\nBernadim te ez v\u00ea \u015fev\u00ea<br \/>\nDil\u00eam te xwest, bes e ev naz\u00ea<br \/>\nMame li mal\u00ea tu j\u00ee naxwaz\u00ee<\/p>\n<p>Ax Yasm\u00eena, wax Yasm\u00eena<br \/>\nBeddek eiri, ey Yasm\u00eena<br \/>\nBeddek gheiri, ey Yasm\u00eena<\/p>\n<p>\u00ca\u015f b\u00fb dil\u00ea\u2019m, te ge\u015f kir\u00ee<br \/>\nMa nab\u00een\u00ee rew\u015fa dil\u00ee<br \/>\nXw\u00een \u015f\u00eer\u00een \u00ee, ez bimir\u00ee<br \/>\nDerman neb\u00fby\u00ee, b\u00fbm tilil\u00ee<\/p>\n<p><em>Lyrics &amp; Music: Adir Jan<\/em><br \/>\n<em>Arrangement: Conny Kreuter, Bilal Hammour, Adir Jan <\/em><br \/>\n<em>Languages: Kurmanc\u00ee-Kurdish &amp; Arabic<\/em><\/p>\n\t\t\t<\/div>\n\t\t<\/div>\n\t\t\t<div class=\"sow-tabs-panel\">\n\t\t\t<div\n\t\t\t\tclass=\"sow-tabs-panel-content\"\n\t\t\t\trole=\"tabpanel\"\n\t\t\t\taria-hidden=\"true\"\n\t\t\t>\n\t\t\t\t<p class=\"western\"><span style=\"font-family: Sylfaen, serif\"><span style=\"font-size: large\">Come home, it\u2019s midnight<br \/>\nI wait for you, my sleep won\u2019t come<br \/>\nI don\u2019t want to fight, just sit on my lap<br \/>\nTo touch you effortlessly<br \/>\nTo grab you effortlessly<br \/>\nTo kiss you effortlessly<br \/>\nTo take you effortlessly<\/span><\/span><\/p>\n<p class=\"western\"><span style=\"font-family: Sylfaen, serif\"><span style=\"font-size: large\">Oh Yasm\u00eena*, you took away my sleep<br \/>\nI won\u2019t let you go tonight<br \/>\nMy heart wants you, stop playing hard to get<br \/>\nI became a bachelor, you don\u2019t want me either<\/span><\/span><\/p>\n<p class=\"western\"><span style=\"font-family: Sylfaen, serif\"><span style=\"font-size: large\">Oy Yasm\u00eena, vey Yasm\u00eena<br \/>\nDo you want d*ck?<br \/>\nOy Yasm\u00eena, vey Yasm\u00eena<br \/>\nOr do you want someone else?<\/span><\/span><\/p>\n<p class=\"western\"><span style=\"font-family: Sylfaen, serif\"><span style=\"font-size: large\">My heart was aching, you filled it with joy<br \/>\nCan\u2019t you see the state of my heart?<br \/>\nYour sweet blood, I\u2019d die for it<br \/>\nYou have not become my remedy<br \/>\nSo I became a fool<\/span><\/span><\/p>\n<p class=\"western\"><span style=\"font-family: Sylfaen, serif\"><span style=\"font-size: large\"><b><br \/>\n<\/b><\/span><\/span><span style=\"font-family: Sylfaen, serif\"><span style=\"font-size: large\">* Yasm\u00eena is a cis-guy I was privileged to nickname Yasm\u00eena.<\/span><\/span><\/p>\n<p>&nbsp;<\/p>\n<p><em>Lyrics &amp; Music: Adir Jan<\/em><br \/>\n<em>Arrangement: Conny Kreuter, Bilal Hammour, Adir Jan <\/em><br \/>\n<em>Original Languages: Kurmanc\u00ee-Kurdish &amp; Arabic<br \/>\nTranslation: Adir Jan<\/em><\/p>\n\t\t\t<\/div>\n\t\t<\/div>\n\t\t<\/div>\n<\/div>\n<\/div><\/div><\/div><\/div><\/div>","protected":false},"excerpt":{"rendered":"<p>Yasm\u00eena Yasm\u00eena Were mal\u00ea n\u00eev\u00ea \u015fev\u00ea Benda te me, xewa\u2019m naye Min \u015fer nev\u00eat were hem\u00eaz\u00ea Ku dest bidim te b\u00ea h\u00eaz\u00ea Ku dest bav\u00eajim b\u00ea h\u00eaz\u00ea Ku te ma\u00e7 bikim b\u00ea h\u00eaz\u00ea Ku te bist\u00eenim b\u00ea h\u00eaz\u00ea Ax Yasm\u00eena girtiy&#8230;<\/p>\n<p> <a class=\"continue-reading-link\" href=\"https:\/\/adirjan.com\/?page_id=322\"><span>Weiterlesen<\/span><i class=\"crycon-right-dir\"><\/i><\/a> <\/p>\n","protected":false},"author":1,"featured_media":0,"parent":0,"menu_order":0,"comment_status":"closed","ping_status":"closed","template":"","meta":{"footnotes":""},"class_list":["post-322","page","type-page","status-publish","hentry"],"_links":{"self":[{"href":"https:\/\/adirjan.com\/index.php?rest_route=\/wp\/v2\/pages\/322","targetHints":{"allow":["GET"]}}],"collection":[{"href":"https:\/\/adirjan.com\/index.php?rest_route=\/wp\/v2\/pages"}],"about":[{"href":"https:\/\/adirjan.com\/index.php?rest_route=\/wp\/v2\/types\/page"}],"author":[{"embeddable":true,"href":"https:\/\/adirjan.com\/index.php?rest_route=\/wp\/v2\/users\/1"}],"replies":[{"embeddable":true,"href":"https:\/\/adirjan.com\/index.php?rest_route=%2Fwp%2Fv2%2Fcomments&post=322"}],"version-history":[{"count":7,"href":"https:\/\/adirjan.com\/index.php?rest_route=\/wp\/v2\/pages\/322\/revisions"}],"predecessor-version":[{"id":932,"href":"https:\/\/adirjan.com\/index.php?rest_route=\/wp\/v2\/pages\/322\/revisions\/932"}],"wp:attachment":[{"href":"https:\/\/adirjan.com\/index.php?rest_route=%2Fwp%2Fv2%2Fmedia&parent=322"}],"curies":[{"name":"wp","href":"https:\/\/api.w.org\/{rel}","templated":true}]}}