{"id":29,"date":"2018-12-05T19:42:33","date_gmt":"2018-12-05T18:42:33","guid":{"rendered":"http:\/\/adirjan.com\/wordpress2\/?page_id=29"},"modified":"2025-10-26T18:40:51","modified_gmt":"2025-10-26T17:40:51","slug":"impressum","status":"publish","type":"page","link":"https:\/\/adirjan.com\/?page_id=29","title":{"rendered":"Impressum"},"content":{"rendered":"<div id=\"pl-29\" class=\"panel-layout\">\n<div id=\"pg-29-0\" class=\"panel-grid panel-no-style\">\n<div id=\"pgc-29-0-0\" class=\"panel-grid-cell\" data-weight=\"1\">\n<div id=\"panel-29-0-0-0\" class=\"so-panel widget widget_sow-editor panel-first-child panel-last-child\" data-index=\"0\">\n<div class=\"so-widget-sow-editor so-widget-sow-editor-base\">\n<div class=\"siteorigin-widget-tinymce textwidget\">\n<h4><img loading=\"lazy\" decoding=\"async\" class=\"wp-image-85 alignleft\" src=\"http:\/\/adirjan.com\/wordpress2\/wp-content\/uploads\/2018\/12\/Adir-Jan.jpg\" alt=\"\" width=\"176\" height=\"263\" srcset=\"https:\/\/adirjan.com\/wp-content\/uploads\/2018\/12\/Adir-Jan.jpg 667w, https:\/\/adirjan.com\/wp-content\/uploads\/2018\/12\/Adir-Jan-200x300.jpg 200w, https:\/\/adirjan.com\/wp-content\/uploads\/2018\/12\/Adir-Jan-100x150.jpg 100w\" sizes=\"auto, (max-width: 176px) 100vw, 176px\" \/>Angaben gem\u00e4\u00df \u00a7 5 TMG<\/h4>\n<p>Adir Jan<br \/>\nC\/O Refugio<br \/>\nLenaustra\u00dfe 4<br \/>\n12047 Berlin<\/p>\n<p><strong>Verantwortlich f\u00fcr den Inhalt nach \u00a7 55 Abs. 2 RStV:<\/strong>\u00a0Adir Jan, Kontakt: contact@adirjan.com<\/p>\n<\/div>\n<p><span style=\"font-size: 1.2em; font-weight: 600;\">Quellenangaben f\u00fcr die verwendeten Bilder und Grafiken:<\/span><\/p>\n<div class=\"siteorigin-widget-tinymce textwidget\">\n<p>Kostas Stamoulis, Ehsan Mehrbaksh, Makis Asimakopoulos, Dominik Schatz, Adir Jan<\/p>\n<h4>Haftungsausschluss (Disclaimer)<\/h4>\n<p>Haftung f\u00fcr Inhalte<\/p>\n<p>Als Dienstanbieter_innen sind wir gem\u00e4\u00df \u00a7 7 Abs.1 TMG f\u00fcr eigene Inhalte auf diesen Seiten nach den allgemeinen Gesetzen verantwortlich. Nach \u00a7\u00a7 8 bis 10 TMG sind wir als Diensteanbieter_innen jedoch nicht verpflichtet, \u00fcbermittelte oder gespeicherte fremde Informationen zu \u00fcberwachen oder nach Umst\u00e4nden zu forschen, die auf eine rechtswidrige T\u00e4tigkeit hinweisen. Verpflichtungen zur Entfernung oder Sperrung der Nutzung von Informationen nach den allgemeinen Gesetzen bleiben hiervon unber\u00fchrt. Eine diesbez\u00fcgliche Haftung ist jedoch erst ab dem Zeitpunkt der Kenntnis einer konkreten Rechtsverletzung m\u00f6glich. Bei Bekanntwerden von entsprechenden Rechtsverletzungen werden wir diese Inhalte umgehend entfernen.<\/p>\n<p>Haftung f\u00fcr Links<\/p>\n<p>Unser Angebot enth\u00e4lt Links zu externen Webseiten Dritter, auf deren Inhalte wir keinen Einfluss haben. Deshalb k\u00f6nnen wir f\u00fcr diese fremden Inhalte auch keine Gew\u00e4hr \u00fcbernehmen. F\u00fcr die Inhalte der verlinkten Seiten ist stets die_der jeweilige Anbieter_in oder Betreiber_in der Seiten verantwortlich. Die verlinkten Seiten wurden zum Zeitpunkt der Verlinkung auf m\u00f6gliche Rechtsverst\u00f6\u00dfe \u00fcberpr\u00fcft. Rechtswidrige Inhalte waren zum Zeitpunkt der Verlinkung nicht erkennbar. Eine permanente inhaltliche Kontrolle der verlinkten Seiten ist jedoch ohne konkrete Anhaltspunkte einer Rechtsverletzung nicht zumutbar. Bei Bekanntwerden von Rechtsverletzungen werden wir derartige Links umgehend entfernen.<\/p>\n<p>Urheber*innenrecht<\/p>\n<p>Die durch die Seitenbetreiber_innen erstellten Inhalte und Werke auf diesen Seiten unterliegen dem deutschen Urheberrecht. Die Vervielf\u00e4ltigung, Bearbeitung, Verbreitung und jede Art der Verwertung au\u00dferhalb der Grenzen des Urheberrechtes bed\u00fcrfen der schriftlichen Zustimmung der_des jeweiligen Autor_in bzw. Ersteller_in. Downloads und Kopien dieser Seite sind nur f\u00fcr den privaten, nicht kommerziellen Gebrauch gestattet. Soweit die Inhalte auf dieser Seite nicht von den Betreiber_innen erstellt wurden, werden die Urheberrechte Dritter beachtet. Insbesondere werden Inhalte Dritter als solche gekennzeichnet. Sollten Sie trotzdem auf eine Urheberrechtsverletzung aufmerksam werden, bitten wir um einen entsprechenden Hinweis. Bei Bekanntwerden von Rechtsverletzungen werden wir derartige Inhalte umgehend entfernen.<\/p>\n<\/div>\n<\/div>\n<\/div>\n<\/div>\n<\/div>\n<\/div>\n","protected":false},"excerpt":{"rendered":"<p>Angaben gem\u00e4\u00df \u00a7 5 TMG Adir Jan C\/O Refugio Lenaustra\u00dfe 4 12047 Berlin Verantwortlich f\u00fcr den Inhalt nach \u00a7 55 Abs. 2 RStV:\u00a0Adir Jan, Kontakt: contact@adirjan.com Quellenangaben f\u00fcr die verwendeten Bil&#8230;<\/p>\n<p> <a class=\"continue-reading-link\" href=\"https:\/\/adirjan.com\/?page_id=29\"><span>Weiterlesen<\/span><i class=\"crycon-right-dir\"><\/i><\/a> <\/p>\n","protected":false},"author":1,"featured_media":0,"parent":0,"menu_order":0,"comment_status":"closed","ping_status":"closed","template":"","meta":{"footnotes":""},"class_list":["post-29","page","type-page","status-publish","hentry"],"_links":{"self":[{"href":"https:\/\/adirjan.com\/index.php?rest_route=\/wp\/v2\/pages\/29","targetHints":{"allow":["GET"]}}],"collection":[{"href":"https:\/\/adirjan.com\/index.php?rest_route=\/wp\/v2\/pages"}],"about":[{"href":"https:\/\/adirjan.com\/index.php?rest_route=\/wp\/v2\/types\/page"}],"author":[{"embeddable":true,"href":"https:\/\/adirjan.com\/index.php?rest_route=\/wp\/v2\/users\/1"}],"replies":[{"embeddable":true,"href":"https:\/\/adirjan.com\/index.php?rest_route=%2Fwp%2Fv2%2Fcomments&post=29"}],"version-history":[{"count":17,"href":"https:\/\/adirjan.com\/index.php?rest_route=\/wp\/v2\/pages\/29\/revisions"}],"predecessor-version":[{"id":1025,"href":"https:\/\/adirjan.com\/index.php?rest_route=\/wp\/v2\/pages\/29\/revisions\/1025"}],"wp:attachment":[{"href":"https:\/\/adirjan.com\/index.php?rest_route=%2Fwp%2Fv2%2Fmedia&parent=29"}],"curies":[{"name":"wp","href":"https:\/\/api.w.org\/{rel}","templated":true}]}}