{"id":261,"date":"2019-01-18T17:42:21","date_gmt":"2019-01-18T16:42:21","guid":{"rendered":"http:\/\/adirjan.com\/wordpress2\/?page_id=261"},"modified":"2025-01-19T00:22:05","modified_gmt":"2025-01-18T23:22:05","slug":"sana-ne-whats-it-to-you","status":"publish","type":"page","link":"https:\/\/adirjan.com\/?page_id=261","title":{"rendered":"SANA NE"},"content":{"rendered":"<div id=\"pl-261\"  class=\"panel-layout\" ><div id=\"pg-261-0\"  class=\"panel-grid panel-no-style\" ><div id=\"pgc-261-0-0\"  class=\"panel-grid-cell\" ><div id=\"panel-261-0-0-0\" class=\"so-panel widget widget_sow-tabs panel-first-child panel-last-child\" data-index=\"0\" ><div\n\t\t\t\n\t\t\tclass=\"so-widget-sow-tabs so-widget-sow-tabs-default-d0b495f2a30c-261\"\n\t\t\t\n\t\t><div class=\"sow-tabs\">\n\t<div class=\"sow-tabs-tab-container\" role=\"tablist\">\n\t\t\t<div\n\t\t\tclass=\"sow-tabs-tab\n\t\t\t sow-tabs-tab-selected\t\t\t\"\n\t\t\trole=\"tab\"\n\t\t\tdata-anchor-id=\"sana-ne\"\n\t\t\taria-selected=\"true\"\n\t\t\ttabindex=\"0\"\n\t\t>\n\t\t\t<div class=\"sow-tabs-title sow-tabs-title-icon-left\">\n\t\t\t\t\t\t\t\tSANA NE\t\t\t\t\t\t\t<\/div>\n\t\t<\/div>\n\t\t\t<div\n\t\t\tclass=\"sow-tabs-tab\n\t\t\t\t\t\t\"\n\t\t\trole=\"tab\"\n\t\t\tdata-anchor-id=\"whats-it-to-you\"\n\t\t\taria-selected=\"false\"\n\t\t\ttabindex=\"0\"\n\t\t>\n\t\t\t<div class=\"sow-tabs-title sow-tabs-title-icon-left\">\n\t\t\t\t\t\t\t\tWHAT'S IT TO YOU?\t\t\t\t\t\t\t<\/div>\n\t\t<\/div>\n\t\t\t<div\n\t\t\tclass=\"sow-tabs-tab\n\t\t\t\t\t\t\"\n\t\t\trole=\"tab\"\n\t\t\tdata-anchor-id=\"was-gehts-dich-an\"\n\t\t\taria-selected=\"false\"\n\t\t\ttabindex=\"0\"\n\t\t>\n\t\t\t<div class=\"sow-tabs-title sow-tabs-title-icon-left\">\n\t\t\t\t\t\t\t\tWAS GEHT'S DICH AN?\t\t\t\t\t\t\t<\/div>\n\t\t<\/div>\n\t\t<\/div>\n\n\t<div class=\"sow-tabs-panel-container\">\n\t\t\t<div class=\"sow-tabs-panel\">\n\t\t\t<div\n\t\t\t\tclass=\"sow-tabs-panel-content\"\n\t\t\t\trole=\"tabpanel\"\n\t\t\t\taria-hidden=\"false\"\n\t\t\t>\n\t\t\t\t<p>Sana ne transtan<br \/>\nSana ne kuirden<br \/>\nSana ne ibneden<br \/>\nLezbiyenlerden<br \/>\nBenden<\/p>\n<p>Kestin, bi\u00e7tin, t\u00fck\u00fcrd\u00fcn<br \/>\nYalayacaks\u0131n<br \/>\nKovdun, ezdin, s\u00fcp\u00fcrd\u00fcn<br \/>\nToplayacaks\u0131n<\/p>\n<p>Bu d\u00fcnyada yek \u015fey var<br \/>\nA\u015fk ile sevgi<br \/>\nBeni sev be karde\u015fim<br \/>\nBenle u\u011fra\u015fma<\/p>\n<p>S\u00fct\u00e7\u00fcn\u00fcm, hem\u015firenim<br \/>\nAbin, ablan, hem\u015ferin<br \/>\n\u0130\u015fte, evde, mektepte<br \/>\nSeninleyim, seninle<\/p>\n<p>Aynaya bak g\u00f6r beni<br \/>\nKorkma, t\u00fck\u00fcrmem<br \/>\nNeredesin desen sen<br \/>\nBurday\u0131m a\u015fk\u0131m<\/p>\n<p>Of of, ofki anam of<br \/>\nSeni de ezmi\u015fler anam<br \/>\nGel beni \u00fczme<br \/>\nBa\u015f\u0131n\u0131 dimdik tut anam<br \/>\nBoynunu e\u011fme<br \/>\nBirlikte m\u00fccadele<br \/>\nDaha bir ho\u015ftur<br \/>\nKalbine bas yavrunu<br \/>\nKorkma, pes etme<\/p>\n<p><em>Lyrics &amp; Music: Adir Jan<br \/>\nLanguage: Turkish<br \/>\nArrangement: Conny Kreuter, Dave Sills, Adir Jan<br \/>\n<\/em><\/p>\n<h4>You are also the other,<br \/>\nand the other is also you.<\/h4>\n\t\t\t<\/div>\n\t\t<\/div>\n\t\t\t<div class=\"sow-tabs-panel\">\n\t\t\t<div\n\t\t\t\tclass=\"sow-tabs-panel-content\"\n\t\t\t\trole=\"tabpanel\"\n\t\t\t\taria-hidden=\"true\"\n\t\t\t>\n\t\t\t\t<p class=\"western\"><span style=\"font-family: Sylfaen, serif\"><span style=\"font-size: large\">What business of yours are trans?<br \/>\nWhat business of yours are queers?<br \/>\nWhat business of yours are faggots?<br \/>\nOr lesbians? Or me?<\/span><\/span><\/p>\n<p class=\"western\"><span style=\"font-family: Sylfaen, serif\"><span style=\"font-size: large\">You\u2019ve cut, you\u2019ve slashed, you\u2019ve spat at us<br \/>\n\u2014 You will lick that up<br \/>\nYou\u2019ve hounded, oppressed, you\u2019ve swept us away<br \/>\n\u2014 You will pick that up <\/span><\/span><\/p>\n<p class=\"western\"><span style=\"font-family: Sylfaen, serif\"><span style=\"font-size: large\">The only thing that counts in this world<br \/>\nIs love and love alone<br \/>\nLove me, brother<br \/>\nDon\u2019t bother with me<\/span><\/span><\/p>\n<p class=\"western\"><span style=\"font-family: Sylfaen, serif\"><span style=\"font-size: large\">I am your milkman, I\u2019m your nurse<br \/>\nYour brother, your sister, your fellow countryperson<br \/>\nAt work, at home, at school.<br \/>\nWith you I am, I am with you.<\/span><\/span><\/p>\n<p class=\"western\"><span style=\"font-family: Sylfaen, serif\"><span style=\"font-size: large\">Look in the mirror, see me<br \/>\nDon\u2019t be afraid, I won\u2019t spit<br \/>\nWhere are you, you ask?<br \/>\nI am here, my love, here I am<\/span><\/span><\/p>\n<p class=\"western\"><span style=\"font-family: Sylfaen, serif\"><span style=\"font-size: large\">O woe, mother, O pain and drear,<br \/>\nThey have crushed you too, mother<br \/>\nDon\u2019t make me sad; not you too<br \/>\nKeep your head high, mother, don\u2019t bow your neck<br \/>\nFighting together is much nicer<br \/>\nPress you baby to your heart<br \/>\nDon\u2019t be afraid, don\u2019t give up<\/span><\/span><b> <\/b><\/p>\n<p>&nbsp;<\/p>\n<p><em>Text &amp; Music: Adir Jan<br \/>\nOriginal Language: Turkish<br \/>\nArrangement: Conny Kreuter, Dave Sills, Adir Jan<br \/>\n<\/em><em>Translation: Jill Denton, Adir Jan<br \/>\n<\/em><\/p>\n<p>&nbsp;<\/p>\n<h4>You are also the other,<br \/>\nand the other is also you.<\/h4>\n\t\t\t<\/div>\n\t\t<\/div>\n\t\t\t<div class=\"sow-tabs-panel\">\n\t\t\t<div\n\t\t\t\tclass=\"sow-tabs-panel-content\"\n\t\t\t\trole=\"tabpanel\"\n\t\t\t\taria-hidden=\"true\"\n\t\t\t>\n\t\t\t\t<p>Was gehen dich Transen an<br \/>\nWas gehen dich queere Menschen an<br \/>\nWas Schwuchteln<br \/>\nWas Lesben<br \/>\nWas ich<\/p>\n<p>Zerhackt haste, zerfetzt und bespuckt<br \/>\nWieder auflecken wirst du\u2019s<br \/>\nVerjagt, zerdr\u00fcckt und weggefegt<br \/>\nWieder auflesen wirst du\u2019s<\/p>\n<p>Was einzig allein z\u00e4hlt auf der Welt<br \/>\nIst einzig allein die Liebe<br \/>\nLiebe mich, o Bruder<br \/>\nK\u00e4mpfe nicht mit mir<\/p>\n<p>Bin dein Milchmann und deine<br \/>\nKrankenschwester<br \/>\nDein Bruder, deine Schwester,<br \/>\ndein Mitmensch<br \/>\nAuf Arbeit, zu Hause, in der Schule<br \/>\nHier bin ich, mein Schatz, ich bin hier<\/p>\n<p>Schaue in den Spiegel und erkenne<br \/>\nmich<br \/>\nKeine Angst, ich bespuck\u2019 dich nicht<br \/>\nWenn du dich fragst, wo ich denn sei<br \/>\nHier bin ich, mein Schatz, hier bin ich<\/p>\n<p>O weh, Mutter, o Kummer<br \/>\nAuch dich hat man[n] unterdr\u00fcckt<br \/>\nKr\u00e4nke mich doch nicht auch noch du,<br \/>\no Mutter<br \/>\nWalte erhobenen Hauptes<br \/>\nund senke es nur nie<br \/>\nDie gemeinsame Aktion<br \/>\nIst noch viel sch\u00f6ner<br \/>\nDr\u00fccke mich an dein Herz<br \/>\nHabe keine Angst \u2013 gib nicht auf<\/p>\n<p><em>Text &amp; Musik: Adir Jan<br \/>\nOriginalsprache: T\u00fcrkei-T\u00fcrkisch<br \/>\nArrangement: Conny Kreuter, Dave Sills, Adir Jan<br \/>\n<\/em><\/p>\n<h4>Du bist auch das andere,<br \/>\ndas andere auch du.<\/h4>\n\t\t\t<\/div>\n\t\t<\/div>\n\t\t<\/div>\n<\/div>\n<\/div><\/div><\/div><\/div><\/div>","protected":false},"excerpt":{"rendered":"<p>SANA NE WHAT&#8217;S IT TO YOU? WAS GEHT&#8217;S DICH AN? Sana ne transtan Sana ne kuirden Sana ne ibneden Lezbiyenlerden Benden Kestin, bi\u00e7tin, t\u00fck\u00fcrd\u00fcn Yalayacaks\u0131n Kovdun, ezdin, s\u00fcp\u00fcrd\u00fcn Toplayacaks\u0131n Bu d\u00fcny&#8230;<\/p>\n<p> <a class=\"continue-reading-link\" href=\"https:\/\/adirjan.com\/?page_id=261\"><span>Weiterlesen<\/span><i class=\"crycon-right-dir\"><\/i><\/a> <\/p>\n","protected":false},"author":1,"featured_media":0,"parent":0,"menu_order":0,"comment_status":"closed","ping_status":"closed","template":"","meta":{"footnotes":""},"class_list":["post-261","page","type-page","status-publish","hentry"],"_links":{"self":[{"href":"https:\/\/adirjan.com\/index.php?rest_route=\/wp\/v2\/pages\/261","targetHints":{"allow":["GET"]}}],"collection":[{"href":"https:\/\/adirjan.com\/index.php?rest_route=\/wp\/v2\/pages"}],"about":[{"href":"https:\/\/adirjan.com\/index.php?rest_route=\/wp\/v2\/types\/page"}],"author":[{"embeddable":true,"href":"https:\/\/adirjan.com\/index.php?rest_route=\/wp\/v2\/users\/1"}],"replies":[{"embeddable":true,"href":"https:\/\/adirjan.com\/index.php?rest_route=%2Fwp%2Fv2%2Fcomments&post=261"}],"version-history":[{"count":27,"href":"https:\/\/adirjan.com\/index.php?rest_route=\/wp\/v2\/pages\/261\/revisions"}],"predecessor-version":[{"id":929,"href":"https:\/\/adirjan.com\/index.php?rest_route=\/wp\/v2\/pages\/261\/revisions\/929"}],"wp:attachment":[{"href":"https:\/\/adirjan.com\/index.php?rest_route=%2Fwp%2Fv2%2Fmedia&parent=261"}],"curies":[{"name":"wp","href":"https:\/\/api.w.org\/{rel}","templated":true}]}}