{"id":208,"date":"2019-01-08T01:25:27","date_gmt":"2019-01-08T00:25:27","guid":{"rendered":"http:\/\/adirjan.com\/wordpress2\/?page_id=208"},"modified":"2020-09-26T18:46:37","modified_gmt":"2020-09-26T16:46:37","slug":"tengo","status":"publish","type":"page","link":"https:\/\/adirjan.com\/?page_id=208","title":{"rendered":"TENGO (Crushed)"},"content":{"rendered":"<div id=\"pl-208\"  class=\"panel-layout\" ><div id=\"pg-208-0\"  class=\"panel-grid panel-no-style\" ><div id=\"pgc-208-0-0\"  class=\"panel-grid-cell\" ><div id=\"panel-208-0-0-0\" class=\"so-panel widget widget_sow-tabs panel-first-child panel-last-child\" data-index=\"0\" ><div\n\t\t\t\n\t\t\tclass=\"so-widget-sow-tabs so-widget-sow-tabs-default-d0b495f2a30c-208\"\n\t\t\t\n\t\t><div class=\"sow-tabs\">\n\t<div class=\"sow-tabs-tab-container\" role=\"tablist\">\n\t\t\t<div\n\t\t\tclass=\"sow-tabs-tab\n\t\t\t sow-tabs-tab-selected\t\t\t\"\n\t\t\trole=\"tab\"\n\t\t\tdata-anchor-id=\"tengo\"\n\t\t\taria-selected=\"true\"\n\t\t\ttabindex=\"0\"\n\t\t>\n\t\t\t<div class=\"sow-tabs-title sow-tabs-title-icon-left\">\n\t\t\t\t\t\t\t\tTENGO\t\t\t\t\t\t\t<\/div>\n\t\t<\/div>\n\t\t\t<div\n\t\t\tclass=\"sow-tabs-tab\n\t\t\t\t\t\t\"\n\t\t\trole=\"tab\"\n\t\t\tdata-anchor-id=\"crushed\"\n\t\t\taria-selected=\"false\"\n\t\t\ttabindex=\"0\"\n\t\t>\n\t\t\t<div class=\"sow-tabs-title sow-tabs-title-icon-left\">\n\t\t\t\t\t\t\t\tCRUSHED\t\t\t\t\t\t\t<\/div>\n\t\t<\/div>\n\t\t\t<div\n\t\t\tclass=\"sow-tabs-tab\n\t\t\t\t\t\t\"\n\t\t\trole=\"tab\"\n\t\t\tdata-anchor-id=\"herz-enge\"\n\t\t\taria-selected=\"false\"\n\t\t\ttabindex=\"0\"\n\t\t>\n\t\t\t<div class=\"sow-tabs-title sow-tabs-title-icon-left\">\n\t\t\t\t\t\t\t\tHERZ-ENGE\t\t\t\t\t\t\t<\/div>\n\t\t<\/div>\n\t\t\t<div\n\t\t\tclass=\"sow-tabs-tab\n\t\t\t\t\t\t\"\n\t\t\trole=\"tab\"\n\t\t\tdata-anchor-id=\"daralmis-kalp\"\n\t\t\taria-selected=\"false\"\n\t\t\ttabindex=\"0\"\n\t\t>\n\t\t\t<div class=\"sow-tabs-title sow-tabs-title-icon-left\">\n\t\t\t\t\t\t\t\tDARALMI\u015e KALP\t\t\t\t\t\t\t<\/div>\n\t\t<\/div>\n\t\t<\/div>\n\n\t<div class=\"sow-tabs-panel-container\">\n\t\t\t<div class=\"sow-tabs-panel\">\n\t\t\t<div\n\t\t\t\tclass=\"sow-tabs-panel-content\"\n\t\t\t\trole=\"tabpanel\"\n\t\t\t\taria-hidden=\"false\"\n\t\t\t>\n\t\t\t\t<p>Hoy derdo, derdo<br \/>\nDerd\u00ea lawiko<br \/>\nDerd\u00ea lawik\u00ee ez ku\u015ftim<br \/>\nDil\u00ea min teng o<\/p>\n<p>Ji dur\u00ee gihi\u015ft\u00ee<br \/>\nCem min r\u00fbni\u015ft\u00ee<\/p>\n<p>Hey wiko, xer\u00eebo, b\u00eakeso<br \/>\nB\u00eamalo, zalimo<\/p>\n<p>Ji te d\u00fbr\u00ee neketim<br \/>\nTu ji min ket\u00ee<\/p>\n<p><em><br \/>\nLyrics &amp; Music: <\/em>Adir Jan<em><br \/>\nLanguage: <\/em>Kurmanc\u00ee<em><br \/>\nArrangement: <\/em>Conny Kreuter, Dave Sills,<em><br \/>\n<\/em>Ceyhun Kaya, Hogir G\u00f6regen, Adir Jan<\/p>\n<h4>Your heart pumps and sucks up life.<br \/>\nLife keeps on pulsing.<br \/>\nComing and going are one and the same.<\/h4>\n\t\t\t<\/div>\n\t\t<\/div>\n\t\t\t<div class=\"sow-tabs-panel\">\n\t\t\t<div\n\t\t\t\tclass=\"sow-tabs-panel-content\"\n\t\t\t\trole=\"tabpanel\"\n\t\t\t\taria-hidden=\"true\"\n\t\t\t>\n\t\t\t\t<p>O damn and bother!<br \/>\nSuch agony over a boy<br \/>\nThe agony over that boy wrecks my soul<br \/>\n\u2026Crushes my heart to bits<\/p>\n<p>You came to me from afar<\/p>\n<p>O boy, O wayfarer,<br \/>\nO lonely, homeless, heartless one<\/p>\n<p>I didn\u2019t desert you.<br \/>\nYou deserted me.<\/p>\n<p><em>Text &amp; Music: <\/em>Adir Jan<em><br \/>\nOriginal Language: <\/em>Kurmanc\u00ee-Kurdish<em><br \/>\nArrangement:<\/em> Conny Kreuter, Dave Sills,<br \/>\nCeyhun Kaya, Hogir G\u00f6regen, Adir Jan<br \/>\n<em>Translation<\/em>: Jill Denton<\/p>\n<h4>Your heart pumps and sucks up life.<br \/>\nLife keeps on pulsing.<br \/>\nComing and going are one and the same.<\/h4>\n\t\t\t<\/div>\n\t\t<\/div>\n\t\t\t<div class=\"sow-tabs-panel\">\n\t\t\t<div\n\t\t\t\tclass=\"sow-tabs-panel-content\"\n\t\t\t\trole=\"tabpanel\"\n\t\t\t\taria-hidden=\"true\"\n\t\t\t>\n\t\t\t\t<p>O Drangsal, o Leid<br \/>\nO Kummer wegen dieses Jungen<br \/>\nSeine Qual erdr\u00fcckt mich<br \/>\nUnd zerdr\u00fcckt mir das Herz<\/p>\n<p>Aus der Ferne kamst du<br \/>\nUnd setztest dich nieder zu mir<\/p>\n<p>O Junge, o Wanderer in der Ferne<br \/>\nO Einsam-, Heim- und Herzloser<\/p>\n<p>Nicht ich fiel ab von dir<br \/>\nAb fielst du von mir<\/p>\n<p><em><br \/>\nText &amp; Musik: <\/em>Adir Jan<em><br \/>\nOriginalsprache: <\/em>Kurmanc\u00ee-Kurdisch<em><br \/>\nArrangement:<\/em> Conny Kreuter, Dave Sills,<br \/>\nCeyhun Kaya, Hogir G\u00f6regen, Adir Jan<br \/>\n<em>\u00dcbersetzung<\/em>: Adir Jan mit Koray Y\u0131lmaz-G\u00fcnay<\/p>\n<h4>Dein Herz pumpt und absorbiert das Leben.<br \/>\nDas Leben pulsiert. Kommen und Gehen sind eins.<\/h4>\n\t\t\t<\/div>\n\t\t<\/div>\n\t\t\t<div class=\"sow-tabs-panel\">\n\t\t\t<div\n\t\t\t\tclass=\"sow-tabs-panel-content\"\n\t\t\t\trole=\"tabpanel\"\n\t\t\t\taria-hidden=\"true\"\n\t\t\t>\n\t\t\t\t<p>Ah dert, oy keder!<br \/>\nO o\u011flan y\u00fcz\u00fcnden \u00e7ekti\u011fim dert<br \/>\nOnun verdi\u011fi keder \u00f6ld\u00fcrd\u00fc beni<br \/>\nDaraltt\u0131 kalbimi<\/p>\n<p>Uzaklardan var\u0131p<br \/>\nOturmu\u015ftun yan\u0131ma<\/p>\n<p>Ey o\u011flan, ey gurbetteki garip<br \/>\nEy kimsesiz, yersiz yurtsuz zalim<\/p>\n<p>Ben senden uzak d\u00fc\u015fmedim<br \/>\nSen benden uzak d\u00fc\u015ft\u00fcn<\/p>\n<p><i><br \/>\nS\u00f6z, M\u00fczik: <\/i>Adir Jan<br \/>\n<i>Orijinal Dili: <\/i>Kurmanc\u00ee<i><br \/>\nAranjman: <\/i>Conny Kreuter, Dave Sills,<br \/>\nCeyhun Kaya, Hogir G\u00f6regen, Adir Jan<br \/>\n<i>\u00c7eviri: <\/i>Koray Y\u0131lmaz-G\u00fcnay,\u00a0Adir Jan<\/p>\n<h4><b>Kalp can da\u011f\u0131t\u0131r, can\u0131 sindirir. Can atar ve akar. Gelmek de gitmek de birdir.<\/b><\/h4>\n\t\t\t<\/div>\n\t\t<\/div>\n\t\t<\/div>\n<\/div>\n<\/div><\/div><\/div><\/div><\/div>","protected":false},"excerpt":{"rendered":"<p>TENGO CRUSHED HERZ-ENGE DARALMI\u015e KALP Hoy derdo, derdo Derd\u00ea lawiko Derd\u00ea lawik\u00ee ez ku\u015ftim Dil\u00ea min teng o Ji dur\u00ee gihi\u015ft\u00ee Cem min r\u00fbni\u015ft\u00ee Hey wiko, xer\u00eebo, b\u00eakeso B\u00eamalo, zalimo Ji te d\u00fbr\u00ee neketim Tu&#8230;<\/p>\n<p> <a class=\"continue-reading-link\" href=\"https:\/\/adirjan.com\/?page_id=208\"><span>Weiterlesen<\/span><i class=\"crycon-right-dir\"><\/i><\/a> <\/p>\n","protected":false},"author":1,"featured_media":0,"parent":0,"menu_order":0,"comment_status":"closed","ping_status":"closed","template":"","meta":{"footnotes":""},"class_list":["post-208","page","type-page","status-publish","hentry"],"_links":{"self":[{"href":"https:\/\/adirjan.com\/index.php?rest_route=\/wp\/v2\/pages\/208","targetHints":{"allow":["GET"]}}],"collection":[{"href":"https:\/\/adirjan.com\/index.php?rest_route=\/wp\/v2\/pages"}],"about":[{"href":"https:\/\/adirjan.com\/index.php?rest_route=\/wp\/v2\/types\/page"}],"author":[{"embeddable":true,"href":"https:\/\/adirjan.com\/index.php?rest_route=\/wp\/v2\/users\/1"}],"replies":[{"embeddable":true,"href":"https:\/\/adirjan.com\/index.php?rest_route=%2Fwp%2Fv2%2Fcomments&post=208"}],"version-history":[{"count":61,"href":"https:\/\/adirjan.com\/index.php?rest_route=\/wp\/v2\/pages\/208\/revisions"}],"predecessor-version":[{"id":214,"href":"https:\/\/adirjan.com\/index.php?rest_route=\/wp\/v2\/pages\/208\/revisions\/214"}],"wp:attachment":[{"href":"https:\/\/adirjan.com\/index.php?rest_route=%2Fwp%2Fv2%2Fmedia&parent=208"}],"curies":[{"name":"wp","href":"https:\/\/api.w.org\/{rel}","templated":true}]}}